{"id":11767,"date":"2022-01-24T15:59:10","date_gmt":"2022-01-24T15:59:10","guid":{"rendered":"https:\/\/www.tesmatic.com\/?page_id=11767"},"modified":"2022-07-27T08:50:41","modified_gmt":"2022-07-27T08:50:41","slug":"politica-de-calidad-y-medioambiente","status":"publish","type":"page","link":"https:\/\/www.tesmatic.com\/es\/politica-de-calidad-y-medioambiente\/","title":{"rendered":"Pol\u00edtica de calidad y Medioambiente"},"content":{"rendered":"\t\t<div data-elementor-type=\"wp-page\" data-elementor-id=\"11767\" class=\"elementor elementor-11767 elementor-11765\">\n\t\t\t\t\t\t<section class=\"elementor-section elementor-top-section elementor-element elementor-element-4b0dd5f9 elementor-section-boxed elementor-section-height-default elementor-section-height-default mkdf-parallax-row-no mkdf-content-aligment-left mkdf-elementor-row-grid-no mkdf-disabled-bg-image-bellow-no mkdf-row-btt-light\" data-id=\"4b0dd5f9\" data-element_type=\"section\" data-e-type=\"section\">\n\t\t\t\t\t\t<div class=\"elementor-container elementor-column-gap-default\">\n\t\t\t\t\t<div class=\"elementor-column elementor-col-100 elementor-top-column elementor-element elementor-element-2f6ab329\" data-id=\"2f6ab329\" data-element_type=\"column\" data-e-type=\"column\">\n\t\t\t<div class=\"elementor-widget-wrap elementor-element-populated\">\n\t\t\t\t\t\t<div class=\"elementor-element elementor-element-25798ff8 elementor-widget elementor-widget-text-editor\" data-id=\"25798ff8\" data-element_type=\"widget\" data-e-type=\"widget\" data-widget_type=\"text-editor.default\">\n\t\t\t\t<div class=\"elementor-widget-container\">\n\t\t\t\t\t\t\t\t\t<h4><span style=\"color: #565969; font-weight: 400; font-size: 18px;\">La Direcci\u00f3n de <strong>TESMATIC TECHNOLOGIES, S.L.<\/strong> consciente de las nuevas reglas de competencia en el \u00e1mbito comunitario y mundial, as\u00ed como de las tendencias que paulatinamente se van introduciendo en materia de calidad y medioambiente, quiere que la calidad en el servicio y el respeto por el medioambiente aglutinen todos nuestros esfuerzos. Ser\u00e1 nuestro objetivo trabajar al nivel que marcan las normas internacionales UNE-EN-ISO 9001 y UNE-EN-ISO 14001 en vigor en cada momento.\u00a0<\/span><\/h4><h4><span style=\"color: #565969; font-weight: 400; font-size: 18px;\">La Direcci\u00f3n de <strong>TESMATIC TECHNOLOGIES, S.L.<\/strong>, ha establecido una pol\u00edtica de calidad en su declaraci\u00f3n que consiste en:<\/span><\/h4><blockquote><p>Hacer prevalecer la satisfacci\u00f3n de nuestros clientes y partes interesadas, es nuestra verdadera preocupaci\u00f3n, cumpliendo con los requisitos del cliente y los legales y reglamentarios, como punto de partida hacia la mejora continua de la eficacia de la empresa.<\/p><\/blockquote><p>Esta pol\u00edtica de calidad est\u00e1 orientada a alcanzar y mantener una cartera s\u00f3lida de clientes mediante la calidad obtenida en la <em>Venta, distribuci\u00f3n, y servicio post-venta de Sistemas de pesaje para equipos de elevaci\u00f3n hidr\u00e1ulicos como carretillas elevadoras, apiladores, transpaletas y otros equipos<\/em>\u00a0y continuar con la expansi\u00f3n a nivel nacional e internacional, en un ambiente de responsabilidad absoluta y constante, de esta forma conseguiremos la consolidaci\u00f3n de la empresa dentro de nuestro sector.<\/p><p>En cuanto a temas ambientales la direcci\u00f3n de <strong>TESMATIC TECHNOLOGIES, S.L.<\/strong> se compromete a:<\/p><ul><li>Desarrollar y mantener un Sistema de Gesti\u00f3n Ambiental adaptado a la naturaleza de las actividades de <strong>TESMATIC TECHNOLOGIES, S.L.<\/strong><\/li><li>Tener un compromiso con la protecci\u00f3n del medioambiente y con la prevenci\u00f3n de la contaminaci\u00f3n, para reducir el impacto ambiental de las actividades de la empresa en el marco de la mejora continua, teniendo en cuenta el ciclo de vida del servicio que presta.<\/li><li>Cumplir estrictamente los requisitos ambientales establecidos por la legislaci\u00f3n aplicable a las actividades de <strong>TESMATIC TECHNOLOGIES, S.L.<\/strong> Establecer objetivos ambientales cuantificables y revisarlos peri\u00f3dicamente.<\/li><li>Cumplir con la debida transparencia medioambiental con las administraciones e instituciones, fomentar la reducci\u00f3n de residuos, la reutilizaci\u00f3n y el reciclaje de los mismos para la prevenci\u00f3n de la contaminaci\u00f3n.<\/li><\/ul><p><strong>TESMATIC TECHNOLOGIES, S.L.<\/strong> determina las cuestiones externas o internas que son pertinentes para su prop\u00f3sito y su direcci\u00f3n estrat\u00e9gica, realiza un an\u00e1lisis de la informaci\u00f3n interna y externa, estableciendo acciones para reducir o eliminar sus riesgos y potenciar sus oportunidades.<\/p><p>Conseguiremos alcanzar la m\u00e1xima satisfacci\u00f3n de nuestros clientes, hecho que es nuestra m\u00e1xima preocupaci\u00f3n y para ello demostraremos nuestra capacidad para cumplir con todos los requisitos de nuestros clientes, incluidos los reglamentarios, los legales aplicables y los relacionados con el Medioambiente, ante la formalizaci\u00f3n de los contratos. Esta pol\u00edtica de calidad y medioambiente de <strong>TESMATIC TECHNOLOGIES, S.L.<\/strong>, sirve como base para el establecimiento y revisi\u00f3n de sus objetivos de calidad.<\/p><p><strong>TESMATIC TECHNOLOGIES, S.L.<\/strong> se asegura que dicha pol\u00edtica es entendida a todos los niveles de la organizaci\u00f3n mediante la explicaci\u00f3n a trav\u00e9s de reuniones con el personal y divulgaci\u00f3n de dicha pol\u00edtica mediante su distribuci\u00f3n y publicaci\u00f3n, consiguiendo que formen parte activa de la misma y se involucren y comprometan para llevarla a cabo.<\/p><p><strong>TESMATIC TECHNOLOGIES, S.L.<\/strong> revisa anualmente la vigencia y actualidad de su pol\u00edtica a trav\u00e9s de las reuniones del Comit\u00e9 del Sistema de Gesti\u00f3n con motivo de la revisi\u00f3n del sistema por la direcci\u00f3n.<\/p>\t\t\t\t\t\t\t\t<\/div>\n\t\t\t\t<\/div>\n\t\t\t\t\t<\/div>\n\t\t<\/div>\n\t\t\t\t\t<\/div>\n\t\t<\/section>\n\t\t\t\t<section class=\"elementor-section elementor-top-section elementor-element elementor-element-3e13b23 elementor-section-boxed elementor-section-height-default elementor-section-height-default mkdf-parallax-row-no mkdf-content-aligment-left mkdf-elementor-row-grid-no mkdf-disabled-bg-image-bellow-no mkdf-row-btt-light\" data-id=\"3e13b23\" data-element_type=\"section\" data-e-type=\"section\">\n\t\t\t\t\t\t<div class=\"elementor-container elementor-column-gap-default\">\n\t\t\t\t\t<div class=\"elementor-column elementor-col-100 elementor-top-column elementor-element elementor-element-02ac112\" data-id=\"02ac112\" data-element_type=\"column\" data-e-type=\"column\">\n\t\t\t<div class=\"elementor-widget-wrap elementor-element-populated\">\n\t\t\t\t\t\t<div class=\"elementor-element elementor-element-cfd6707 elementor-widget elementor-widget-mkdf_button\" data-id=\"cfd6707\" data-element_type=\"widget\" data-e-type=\"widget\" data-widget_type=\"mkdf_button.default\">\n\t\t\t\t<div class=\"elementor-widget-container\">\n\t\t\t\t\t<a itemprop=\"url\" href=\"https:\/\/www.tesmatic.com\/wp-content\/uploads\/2022\/07\/POLITICA-DE-CALIDAD-Y-MEDIOAMBIENTE-TESMATIC-2022.pdf\" target=\"_blank\"  class=\"mkdf-btn mkdf-btn-medium mkdf-btn-solid\"  >\n    <span class=\"mkdf-btn-text\">Ver Calidad y Medioambiente<\/span>\n    <\/a>\t\t\t\t<\/div>\n\t\t\t\t<\/div>\n\t\t\t\t\t<\/div>\n\t\t<\/div>\n\t\t\t\t\t<\/div>\n\t\t<\/section>\n\t\t\t\t<\/div>\n\t\t","protected":false},"excerpt":{"rendered":"<p>La Direcci\u00f3n de TESMATIC TECHNOLOGIES, S.L. consciente de las nuevas reglas de competencia en el \u00e1mbito comunitario y mundial, as\u00ed como de las tendencias que paulatinamente se van introduciendo en materia de calidad y medioambiente, quiere que la calidad en [&hellip;]<\/p>\n","protected":false},"author":1,"featured_media":0,"parent":0,"menu_order":0,"comment_status":"closed","ping_status":"open","template":"","meta":{"inline_featured_image":false,"footnotes":""},"class_list":["post-11767","page","type-page","status-publish","hentry"],"yoast_head":"<!-- This site is optimized with the Yoast SEO plugin v27.3 - https:\/\/yoast.com\/product\/yoast-seo-wordpress\/ -->\n<title>Pol\u00edtica de calidad y Medioambiente - Tesmatic<\/title>\n<meta name=\"robots\" content=\"index, follow, max-snippet:-1, max-image-preview:large, max-video-preview:-1\" \/>\n<link rel=\"canonical\" href=\"https:\/\/www.tesmatic.com\/es\/politica-de-calidad-y-medioambiente\/\" \/>\n<meta property=\"og:locale\" content=\"es_ES\" \/>\n<meta property=\"og:type\" content=\"article\" \/>\n<meta property=\"og:title\" content=\"Pol\u00edtica de calidad y Medioambiente - Tesmatic\" \/>\n<meta property=\"og:description\" content=\"La Direcci\u00f3n de TESMATIC TECHNOLOGIES, S.L. consciente de las nuevas reglas de competencia en el \u00e1mbito comunitario y mundial, as\u00ed como de las tendencias que paulatinamente se van introduciendo en materia de calidad y medioambiente, quiere que la calidad en [&hellip;]\" \/>\n<meta property=\"og:url\" content=\"https:\/\/www.tesmatic.com\/es\/politica-de-calidad-y-medioambiente\/\" \/>\n<meta property=\"og:site_name\" content=\"Tesmatic\" \/>\n<meta property=\"article:publisher\" content=\"https:\/\/www.facebook.com\/Tesmatic-885354095134707\" \/>\n<meta property=\"article:modified_time\" content=\"2022-07-27T08:50:41+00:00\" \/>\n<meta property=\"og:image\" content=\"https:\/\/www.tesmatic.com\/wp-content\/uploads\/2021\/08\/logo_tesmatic_fb.jpg\" \/>\n\t<meta property=\"og:image:width\" content=\"200\" \/>\n\t<meta property=\"og:image:height\" content=\"200\" \/>\n\t<meta property=\"og:image:type\" content=\"image\/jpeg\" \/>\n<meta name=\"twitter:card\" content=\"summary_large_image\" \/>\n<meta name=\"twitter:label1\" content=\"Tiempo de lectura\" \/>\n\t<meta name=\"twitter:data1\" content=\"3 minutos\" \/>\n<script type=\"application\/ld+json\" class=\"yoast-schema-graph\">{\"@context\":\"https:\\\/\\\/schema.org\",\"@graph\":[{\"@type\":\"WebPage\",\"@id\":\"https:\\\/\\\/www.tesmatic.com\\\/es\\\/politica-de-calidad-y-medioambiente\\\/\",\"url\":\"https:\\\/\\\/www.tesmatic.com\\\/es\\\/politica-de-calidad-y-medioambiente\\\/\",\"name\":\"Pol\u00edtica de calidad y Medioambiente - Tesmatic\",\"isPartOf\":{\"@id\":\"https:\\\/\\\/www.tesmatic.com\\\/es\\\/#website\"},\"datePublished\":\"2022-01-24T15:59:10+00:00\",\"dateModified\":\"2022-07-27T08:50:41+00:00\",\"breadcrumb\":{\"@id\":\"https:\\\/\\\/www.tesmatic.com\\\/es\\\/politica-de-calidad-y-medioambiente\\\/#breadcrumb\"},\"inLanguage\":\"es\",\"potentialAction\":[{\"@type\":\"ReadAction\",\"target\":[\"https:\\\/\\\/www.tesmatic.com\\\/es\\\/politica-de-calidad-y-medioambiente\\\/\"]}]},{\"@type\":\"BreadcrumbList\",\"@id\":\"https:\\\/\\\/www.tesmatic.com\\\/es\\\/politica-de-calidad-y-medioambiente\\\/#breadcrumb\",\"itemListElement\":[{\"@type\":\"ListItem\",\"position\":1,\"name\":\"Home\",\"item\":\"https:\\\/\\\/www.tesmatic.com\\\/es\\\/\"},{\"@type\":\"ListItem\",\"position\":2,\"name\":\"Pol\u00edtica de calidad y Medioambiente\"}]},{\"@type\":\"WebSite\",\"@id\":\"https:\\\/\\\/www.tesmatic.com\\\/es\\\/#website\",\"url\":\"https:\\\/\\\/www.tesmatic.com\\\/es\\\/\",\"name\":\"Tesmatic\",\"description\":\"Mobile scales on hand pallet, warehouse and forklift trucks\",\"publisher\":{\"@id\":\"https:\\\/\\\/www.tesmatic.com\\\/es\\\/#organization\"},\"potentialAction\":[{\"@type\":\"SearchAction\",\"target\":{\"@type\":\"EntryPoint\",\"urlTemplate\":\"https:\\\/\\\/www.tesmatic.com\\\/es\\\/?s={search_term_string}\"},\"query-input\":{\"@type\":\"PropertyValueSpecification\",\"valueRequired\":true,\"valueName\":\"search_term_string\"}}],\"inLanguage\":\"es\"},{\"@type\":\"Organization\",\"@id\":\"https:\\\/\\\/www.tesmatic.com\\\/es\\\/#organization\",\"name\":\"Tesmatic\",\"url\":\"https:\\\/\\\/www.tesmatic.com\\\/es\\\/\",\"logo\":{\"@type\":\"ImageObject\",\"inLanguage\":\"es\",\"@id\":\"https:\\\/\\\/www.tesmatic.com\\\/es\\\/#\\\/schema\\\/logo\\\/image\\\/\",\"url\":\"https:\\\/\\\/www.tesmatic.com\\\/wp-content\\\/uploads\\\/2021\\\/07\\\/tesmatic_logo_final.jpg\",\"contentUrl\":\"https:\\\/\\\/www.tesmatic.com\\\/wp-content\\\/uploads\\\/2021\\\/07\\\/tesmatic_logo_final.jpg\",\"width\":380,\"height\":164,\"caption\":\"Tesmatic\"},\"image\":{\"@id\":\"https:\\\/\\\/www.tesmatic.com\\\/es\\\/#\\\/schema\\\/logo\\\/image\\\/\"},\"sameAs\":[\"https:\\\/\\\/www.facebook.com\\\/Tesmatic-885354095134707\"]}]}<\/script>\n<!-- \/ Yoast SEO plugin. -->","yoast_head_json":{"title":"Pol\u00edtica de calidad y Medioambiente - Tesmatic","robots":{"index":"index","follow":"follow","max-snippet":"max-snippet:-1","max-image-preview":"max-image-preview:large","max-video-preview":"max-video-preview:-1"},"canonical":"https:\/\/www.tesmatic.com\/es\/politica-de-calidad-y-medioambiente\/","og_locale":"es_ES","og_type":"article","og_title":"Pol\u00edtica de calidad y Medioambiente - Tesmatic","og_description":"La Direcci\u00f3n de TESMATIC TECHNOLOGIES, S.L. consciente de las nuevas reglas de competencia en el \u00e1mbito comunitario y mundial, as\u00ed como de las tendencias que paulatinamente se van introduciendo en materia de calidad y medioambiente, quiere que la calidad en [&hellip;]","og_url":"https:\/\/www.tesmatic.com\/es\/politica-de-calidad-y-medioambiente\/","og_site_name":"Tesmatic","article_publisher":"https:\/\/www.facebook.com\/Tesmatic-885354095134707","article_modified_time":"2022-07-27T08:50:41+00:00","og_image":[{"width":200,"height":200,"url":"https:\/\/www.tesmatic.com\/wp-content\/uploads\/2021\/08\/logo_tesmatic_fb.jpg","type":"image\/jpeg"}],"twitter_card":"summary_large_image","twitter_misc":{"Tiempo de lectura":"3 minutos"},"schema":{"@context":"https:\/\/schema.org","@graph":[{"@type":"WebPage","@id":"https:\/\/www.tesmatic.com\/es\/politica-de-calidad-y-medioambiente\/","url":"https:\/\/www.tesmatic.com\/es\/politica-de-calidad-y-medioambiente\/","name":"Pol\u00edtica de calidad y Medioambiente - Tesmatic","isPartOf":{"@id":"https:\/\/www.tesmatic.com\/es\/#website"},"datePublished":"2022-01-24T15:59:10+00:00","dateModified":"2022-07-27T08:50:41+00:00","breadcrumb":{"@id":"https:\/\/www.tesmatic.com\/es\/politica-de-calidad-y-medioambiente\/#breadcrumb"},"inLanguage":"es","potentialAction":[{"@type":"ReadAction","target":["https:\/\/www.tesmatic.com\/es\/politica-de-calidad-y-medioambiente\/"]}]},{"@type":"BreadcrumbList","@id":"https:\/\/www.tesmatic.com\/es\/politica-de-calidad-y-medioambiente\/#breadcrumb","itemListElement":[{"@type":"ListItem","position":1,"name":"Home","item":"https:\/\/www.tesmatic.com\/es\/"},{"@type":"ListItem","position":2,"name":"Pol\u00edtica de calidad y Medioambiente"}]},{"@type":"WebSite","@id":"https:\/\/www.tesmatic.com\/es\/#website","url":"https:\/\/www.tesmatic.com\/es\/","name":"Tesmatic","description":"Mobile scales on hand pallet, warehouse and forklift trucks","publisher":{"@id":"https:\/\/www.tesmatic.com\/es\/#organization"},"potentialAction":[{"@type":"SearchAction","target":{"@type":"EntryPoint","urlTemplate":"https:\/\/www.tesmatic.com\/es\/?s={search_term_string}"},"query-input":{"@type":"PropertyValueSpecification","valueRequired":true,"valueName":"search_term_string"}}],"inLanguage":"es"},{"@type":"Organization","@id":"https:\/\/www.tesmatic.com\/es\/#organization","name":"Tesmatic","url":"https:\/\/www.tesmatic.com\/es\/","logo":{"@type":"ImageObject","inLanguage":"es","@id":"https:\/\/www.tesmatic.com\/es\/#\/schema\/logo\/image\/","url":"https:\/\/www.tesmatic.com\/wp-content\/uploads\/2021\/07\/tesmatic_logo_final.jpg","contentUrl":"https:\/\/www.tesmatic.com\/wp-content\/uploads\/2021\/07\/tesmatic_logo_final.jpg","width":380,"height":164,"caption":"Tesmatic"},"image":{"@id":"https:\/\/www.tesmatic.com\/es\/#\/schema\/logo\/image\/"},"sameAs":["https:\/\/www.facebook.com\/Tesmatic-885354095134707"]}]}},"_links":{"self":[{"href":"https:\/\/www.tesmatic.com\/es\/wp-json\/wp\/v2\/pages\/11767","targetHints":{"allow":["GET"]}}],"collection":[{"href":"https:\/\/www.tesmatic.com\/es\/wp-json\/wp\/v2\/pages"}],"about":[{"href":"https:\/\/www.tesmatic.com\/es\/wp-json\/wp\/v2\/types\/page"}],"author":[{"embeddable":true,"href":"https:\/\/www.tesmatic.com\/es\/wp-json\/wp\/v2\/users\/1"}],"replies":[{"embeddable":true,"href":"https:\/\/www.tesmatic.com\/es\/wp-json\/wp\/v2\/comments?post=11767"}],"version-history":[{"count":35,"href":"https:\/\/www.tesmatic.com\/es\/wp-json\/wp\/v2\/pages\/11767\/revisions"}],"predecessor-version":[{"id":13789,"href":"https:\/\/www.tesmatic.com\/es\/wp-json\/wp\/v2\/pages\/11767\/revisions\/13789"}],"wp:attachment":[{"href":"https:\/\/www.tesmatic.com\/es\/wp-json\/wp\/v2\/media?parent=11767"}],"curies":[{"name":"wp","href":"https:\/\/api.w.org\/{rel}","templated":true}]}}