{"id":13873,"date":"2018-12-13T13:53:08","date_gmt":"2023-03-13T03:59:13","guid":{"rendered":"https:\/\/www.tesmatic.com\/?post_type=product&#038;p=13873"},"modified":"2023-04-09T00:26:15","modified_gmt":"2023-04-09T00:26:15","slug":"loadmatic","status":"publish","type":"product","link":"https:\/\/www.tesmatic.com\/es\/producto\/loadmatic\/","title":{"rendered":"LoadMatic"},"content":{"rendered":"<p><strong>LoadMatic <\/strong> es un sistema combinado de pesaje y protecci\u00f3n contra la sobrecarga, que proporciona un pesaje r\u00e1pido y una protecci\u00f3n inmediata directamente en la carretilla elevadora, antes de que se produzca el da\u00f1o.<\/p>\n<p>El sistema de pesaje m\u00f3vil es una herramienta excelente para la comprobaci\u00f3n r\u00e1pida de la carga. El sistema minimiza el tr\u00e1fico de carretillas, el tiempo y el consumo de energ\u00eda, adem\u00e1s de los riesgos de colisi\u00f3n con el personal.<\/p>\n<p>La barra de sobrecarga y la alarma integradas mantienen al conductor informado sobre la relaci\u00f3n de la carga con el l\u00edmite de sobrecarga de la carretilla. El rel\u00e9 el\u00e9ctrico, que puede activar una acci\u00f3n de sobrecarga en la carretilla, evita situaciones peligrosas.<\/p>\n<p><strong><div class=\"mkdf-separator-holder clearfix  mkdf-separator-center mkdf-separator-full-width\">\n\t<div class=\"mkdf-separator\" ><\/div>\n<\/div>\n<\/strong><\/p>\n<h4><strong>C\u00f3mo funciona<\/strong><\/h4>\n<p>El Sistema de pesaje hidr\u00e1ulico y Protecci\u00f3n contra sobrecarga <strong>LoadMatic<\/strong> LoadMatic pesa la carga al elevarla hasta un punto fijo, y avisa al operador si se ha superado el l\u00edmite de elevaci\u00f3n preestablecido midiendo la presi\u00f3n en el sistema hidr\u00e1ulico de elevaci\u00f3n.<\/p>\n<p>Cuando el operador de la carretilla elevadora levanta una carga, la barra de carga le mantiene informado sobre su peso en relaci\u00f3n con la capacidad m\u00e1xima de elevaci\u00f3n. Si el operador intenta levantar por encima del l\u00edmite de elevaci\u00f3n preestablecido, se activar\u00e1n tanto la alarma sonora integrada como los rel\u00e9s el\u00e9ctricos. Los rel\u00e9s podr\u00edan activar una reducci\u00f3n de la velocidad, una bajada autom\u00e1tica de las horquillas o cualquier acci\u00f3n similar de la carretilla.<\/p>\n<p>Totalmente ajustable, no afecta al rendimiento de la elevaci\u00f3n hidr\u00e1ulica y mejora la seguridad de la obra. El sistema tambi\u00e9n funciona en cargadores de ruedas y cargadores frontales.<\/p>\n","protected":false},"excerpt":{"rendered":"<p><strong>LoadMatic<\/strong>es un sistema combinado de pesaje y protecci\u00f3n contra la sobrecarga, que proporciona un pesaje r\u00e1pido y una protecci\u00f3n inmediata directamente en la carretilla elevadora, antes de que se produzca el da\u00f1o.<\/p>\n","protected":false},"featured_media":14335,"template":"","meta":{"inline_featured_image":false},"product_brand":[],"product_cat":[241],"product_tag":[189,197,173,187,167,171,177,179,185,175,183],"class_list":{"0":"post-13873","1":"product","2":"type-product","3":"status-publish","4":"has-post-thumbnail","6":"product_cat-sem-categoria-es","7":"product_tag-apiladores","8":"product_tag-cargadoras-de-palas","9":"product_tag-cargadoras-frontales","10":"product_tag-cargadores-laterales","11":"product_tag-carretillas-de-contenedores","12":"product_tag-carretillas-elevadoras","13":"product_tag-carretillas-multidireccionales","14":"product_tag-carretillas-para-pasillos-estrechos","15":"product_tag-carretillas-retractiles","16":"product_tag-mini-cargadoras","17":"product_tag-reach-stackers-es","19":"first","20":"instock","21":"sold-individually","22":"shipping-taxable","23":"product-type-simple"},"yoast_head":"<!-- This site is optimized with the Yoast SEO plugin v27.5 - https:\/\/yoast.com\/product\/yoast-seo-wordpress\/ -->\n<title>LoadMatic - Tesmatic<\/title>\n<meta name=\"robots\" content=\"index, follow, max-snippet:-1, max-image-preview:large, max-video-preview:-1\" \/>\n<link rel=\"canonical\" href=\"https:\/\/www.tesmatic.com\/es\/producto\/loadmatic\/\" \/>\n<meta property=\"og:locale\" content=\"es_ES\" \/>\n<meta property=\"og:type\" content=\"article\" \/>\n<meta property=\"og:title\" content=\"LoadMatic - Tesmatic\" \/>\n<meta property=\"og:description\" content=\"LoadMatices un sistema combinado de pesaje y protecci\u00f3n contra la sobrecarga, que proporciona un pesaje r\u00e1pido y una protecci\u00f3n inmediata directamente en la carretilla elevadora, antes de que se produzca el da\u00f1o.\" \/>\n<meta property=\"og:url\" content=\"https:\/\/www.tesmatic.com\/es\/producto\/loadmatic\/\" \/>\n<meta property=\"og:site_name\" content=\"Tesmatic\" \/>\n<meta property=\"article:publisher\" content=\"https:\/\/www.facebook.com\/Tesmatic-885354095134707\" \/>\n<meta property=\"article:modified_time\" content=\"2023-04-09T00:26:15+00:00\" \/>\n<meta property=\"og:image\" content=\"https:\/\/www.tesmatic.com\/wp-content\/uploads\/2018\/12\/corematic.png\" \/>\n\t<meta property=\"og:image:width\" content=\"600\" \/>\n\t<meta property=\"og:image:height\" content=\"600\" \/>\n\t<meta property=\"og:image:type\" content=\"image\/png\" \/>\n<meta name=\"twitter:card\" content=\"summary_large_image\" \/>\n<meta name=\"twitter:label1\" content=\"Tiempo de lectura\" \/>\n\t<meta name=\"twitter:data1\" content=\"2 minutos\" \/>\n<script type=\"application\/ld+json\" class=\"yoast-schema-graph\">{\"@context\":\"https:\\\/\\\/schema.org\",\"@graph\":[{\"@type\":\"WebPage\",\"@id\":\"https:\\\/\\\/www.tesmatic.com\\\/es\\\/producto\\\/loadmatic\\\/\",\"url\":\"https:\\\/\\\/www.tesmatic.com\\\/es\\\/producto\\\/loadmatic\\\/\",\"name\":\"LoadMatic - Tesmatic\",\"isPartOf\":{\"@id\":\"https:\\\/\\\/www.tesmatic.com\\\/es\\\/#website\"},\"primaryImageOfPage\":{\"@id\":\"https:\\\/\\\/www.tesmatic.com\\\/es\\\/producto\\\/loadmatic\\\/#primaryimage\"},\"image\":{\"@id\":\"https:\\\/\\\/www.tesmatic.com\\\/es\\\/producto\\\/loadmatic\\\/#primaryimage\"},\"thumbnailUrl\":\"https:\\\/\\\/www.tesmatic.com\\\/wp-content\\\/uploads\\\/2018\\\/12\\\/tesmatic_loadmatic_product-1.png\",\"datePublished\":\"2023-03-13T03:59:13+00:00\",\"dateModified\":\"2023-04-09T00:26:15+00:00\",\"breadcrumb\":{\"@id\":\"https:\\\/\\\/www.tesmatic.com\\\/es\\\/producto\\\/loadmatic\\\/#breadcrumb\"},\"inLanguage\":\"es\",\"potentialAction\":[{\"@type\":\"ReadAction\",\"target\":[\"https:\\\/\\\/www.tesmatic.com\\\/es\\\/producto\\\/loadmatic\\\/\"]}]},{\"@type\":\"ImageObject\",\"inLanguage\":\"es\",\"@id\":\"https:\\\/\\\/www.tesmatic.com\\\/es\\\/producto\\\/loadmatic\\\/#primaryimage\",\"url\":\"https:\\\/\\\/www.tesmatic.com\\\/wp-content\\\/uploads\\\/2018\\\/12\\\/tesmatic_loadmatic_product-1.png\",\"contentUrl\":\"https:\\\/\\\/www.tesmatic.com\\\/wp-content\\\/uploads\\\/2018\\\/12\\\/tesmatic_loadmatic_product-1.png\",\"width\":800,\"height\":800},{\"@type\":\"BreadcrumbList\",\"@id\":\"https:\\\/\\\/www.tesmatic.com\\\/es\\\/producto\\\/loadmatic\\\/#breadcrumb\",\"itemListElement\":[{\"@type\":\"ListItem\",\"position\":1,\"name\":\"Home\",\"item\":\"https:\\\/\\\/www.tesmatic.com\\\/es\\\/\"},{\"@type\":\"ListItem\",\"position\":2,\"name\":\"Productos\",\"item\":\"https:\\\/\\\/www.tesmatic.com\\\/es\\\/solutions\\\/\"},{\"@type\":\"ListItem\",\"position\":3,\"name\":\"LoadMatic\"}]},{\"@type\":\"WebSite\",\"@id\":\"https:\\\/\\\/www.tesmatic.com\\\/es\\\/#website\",\"url\":\"https:\\\/\\\/www.tesmatic.com\\\/es\\\/\",\"name\":\"Tesmatic\",\"description\":\"Mobile scales on hand pallet, warehouse and forklift trucks\",\"publisher\":{\"@id\":\"https:\\\/\\\/www.tesmatic.com\\\/es\\\/#organization\"},\"potentialAction\":[{\"@type\":\"SearchAction\",\"target\":{\"@type\":\"EntryPoint\",\"urlTemplate\":\"https:\\\/\\\/www.tesmatic.com\\\/es\\\/?s={search_term_string}\"},\"query-input\":{\"@type\":\"PropertyValueSpecification\",\"valueRequired\":true,\"valueName\":\"search_term_string\"}}],\"inLanguage\":\"es\"},{\"@type\":\"Organization\",\"@id\":\"https:\\\/\\\/www.tesmatic.com\\\/es\\\/#organization\",\"name\":\"Tesmatic\",\"url\":\"https:\\\/\\\/www.tesmatic.com\\\/es\\\/\",\"logo\":{\"@type\":\"ImageObject\",\"inLanguage\":\"es\",\"@id\":\"https:\\\/\\\/www.tesmatic.com\\\/es\\\/#\\\/schema\\\/logo\\\/image\\\/\",\"url\":\"https:\\\/\\\/www.tesmatic.com\\\/wp-content\\\/uploads\\\/2021\\\/07\\\/tesmatic_logo_final.jpg\",\"contentUrl\":\"https:\\\/\\\/www.tesmatic.com\\\/wp-content\\\/uploads\\\/2021\\\/07\\\/tesmatic_logo_final.jpg\",\"width\":380,\"height\":164,\"caption\":\"Tesmatic\"},\"image\":{\"@id\":\"https:\\\/\\\/www.tesmatic.com\\\/es\\\/#\\\/schema\\\/logo\\\/image\\\/\"},\"sameAs\":[\"https:\\\/\\\/www.facebook.com\\\/Tesmatic-885354095134707\"]}]}<\/script>\n<!-- \/ Yoast SEO plugin. -->","yoast_head_json":{"title":"LoadMatic - Tesmatic","robots":{"index":"index","follow":"follow","max-snippet":"max-snippet:-1","max-image-preview":"max-image-preview:large","max-video-preview":"max-video-preview:-1"},"canonical":"https:\/\/www.tesmatic.com\/es\/producto\/loadmatic\/","og_locale":"es_ES","og_type":"article","og_title":"LoadMatic - Tesmatic","og_description":"LoadMatices un sistema combinado de pesaje y protecci\u00f3n contra la sobrecarga, que proporciona un pesaje r\u00e1pido y una protecci\u00f3n inmediata directamente en la carretilla elevadora, antes de que se produzca el da\u00f1o.","og_url":"https:\/\/www.tesmatic.com\/es\/producto\/loadmatic\/","og_site_name":"Tesmatic","article_publisher":"https:\/\/www.facebook.com\/Tesmatic-885354095134707","article_modified_time":"2023-04-09T00:26:15+00:00","og_image":[{"width":600,"height":600,"url":"https:\/\/www.tesmatic.com\/wp-content\/uploads\/2018\/12\/corematic.png","type":"image\/png"}],"twitter_card":"summary_large_image","twitter_misc":{"Tiempo de lectura":"2 minutos"},"schema":{"@context":"https:\/\/schema.org","@graph":[{"@type":"WebPage","@id":"https:\/\/www.tesmatic.com\/es\/producto\/loadmatic\/","url":"https:\/\/www.tesmatic.com\/es\/producto\/loadmatic\/","name":"LoadMatic - Tesmatic","isPartOf":{"@id":"https:\/\/www.tesmatic.com\/es\/#website"},"primaryImageOfPage":{"@id":"https:\/\/www.tesmatic.com\/es\/producto\/loadmatic\/#primaryimage"},"image":{"@id":"https:\/\/www.tesmatic.com\/es\/producto\/loadmatic\/#primaryimage"},"thumbnailUrl":"https:\/\/www.tesmatic.com\/wp-content\/uploads\/2018\/12\/tesmatic_loadmatic_product-1.png","datePublished":"2023-03-13T03:59:13+00:00","dateModified":"2023-04-09T00:26:15+00:00","breadcrumb":{"@id":"https:\/\/www.tesmatic.com\/es\/producto\/loadmatic\/#breadcrumb"},"inLanguage":"es","potentialAction":[{"@type":"ReadAction","target":["https:\/\/www.tesmatic.com\/es\/producto\/loadmatic\/"]}]},{"@type":"ImageObject","inLanguage":"es","@id":"https:\/\/www.tesmatic.com\/es\/producto\/loadmatic\/#primaryimage","url":"https:\/\/www.tesmatic.com\/wp-content\/uploads\/2018\/12\/tesmatic_loadmatic_product-1.png","contentUrl":"https:\/\/www.tesmatic.com\/wp-content\/uploads\/2018\/12\/tesmatic_loadmatic_product-1.png","width":800,"height":800},{"@type":"BreadcrumbList","@id":"https:\/\/www.tesmatic.com\/es\/producto\/loadmatic\/#breadcrumb","itemListElement":[{"@type":"ListItem","position":1,"name":"Home","item":"https:\/\/www.tesmatic.com\/es\/"},{"@type":"ListItem","position":2,"name":"Productos","item":"https:\/\/www.tesmatic.com\/es\/solutions\/"},{"@type":"ListItem","position":3,"name":"LoadMatic"}]},{"@type":"WebSite","@id":"https:\/\/www.tesmatic.com\/es\/#website","url":"https:\/\/www.tesmatic.com\/es\/","name":"Tesmatic","description":"Mobile scales on hand pallet, warehouse and forklift trucks","publisher":{"@id":"https:\/\/www.tesmatic.com\/es\/#organization"},"potentialAction":[{"@type":"SearchAction","target":{"@type":"EntryPoint","urlTemplate":"https:\/\/www.tesmatic.com\/es\/?s={search_term_string}"},"query-input":{"@type":"PropertyValueSpecification","valueRequired":true,"valueName":"search_term_string"}}],"inLanguage":"es"},{"@type":"Organization","@id":"https:\/\/www.tesmatic.com\/es\/#organization","name":"Tesmatic","url":"https:\/\/www.tesmatic.com\/es\/","logo":{"@type":"ImageObject","inLanguage":"es","@id":"https:\/\/www.tesmatic.com\/es\/#\/schema\/logo\/image\/","url":"https:\/\/www.tesmatic.com\/wp-content\/uploads\/2021\/07\/tesmatic_logo_final.jpg","contentUrl":"https:\/\/www.tesmatic.com\/wp-content\/uploads\/2021\/07\/tesmatic_logo_final.jpg","width":380,"height":164,"caption":"Tesmatic"},"image":{"@id":"https:\/\/www.tesmatic.com\/es\/#\/schema\/logo\/image\/"},"sameAs":["https:\/\/www.facebook.com\/Tesmatic-885354095134707"]}]}},"_links":{"self":[{"href":"https:\/\/www.tesmatic.com\/es\/wp-json\/wp\/v2\/product\/13873","targetHints":{"allow":["GET"]}}],"collection":[{"href":"https:\/\/www.tesmatic.com\/es\/wp-json\/wp\/v2\/product"}],"about":[{"href":"https:\/\/www.tesmatic.com\/es\/wp-json\/wp\/v2\/types\/product"}],"version-history":[{"count":4,"href":"https:\/\/www.tesmatic.com\/es\/wp-json\/wp\/v2\/product\/13873\/revisions"}],"predecessor-version":[{"id":14272,"href":"https:\/\/www.tesmatic.com\/es\/wp-json\/wp\/v2\/product\/13873\/revisions\/14272"}],"wp:featuredmedia":[{"embeddable":true,"href":"https:\/\/www.tesmatic.com\/es\/wp-json\/wp\/v2\/media\/14335"}],"wp:attachment":[{"href":"https:\/\/www.tesmatic.com\/es\/wp-json\/wp\/v2\/media?parent=13873"}],"wp:term":[{"taxonomy":"product_brand","embeddable":true,"href":"https:\/\/www.tesmatic.com\/es\/wp-json\/wp\/v2\/product_brand?post=13873"},{"taxonomy":"product_cat","embeddable":true,"href":"https:\/\/www.tesmatic.com\/es\/wp-json\/wp\/v2\/product_cat?post=13873"},{"taxonomy":"product_tag","embeddable":true,"href":"https:\/\/www.tesmatic.com\/es\/wp-json\/wp\/v2\/product_tag?post=13873"}],"curies":[{"name":"wp","href":"https:\/\/api.w.org\/{rel}","templated":true}]}}