{"id":13902,"date":"2018-12-10T14:45:12","date_gmt":"2023-03-13T04:56:35","guid":{"rendered":"https:\/\/www.tesmatic.com\/?post_type=product&#038;p=13902"},"modified":"2023-03-13T04:56:36","modified_gmt":"2023-03-13T04:56:36","slug":"epmatic","status":"publish","type":"product","link":"https:\/\/www.tesmatic.com\/es\/producto\/epmatic\/","title":{"rendered":"EPMatic"},"content":{"rendered":"<p>Conversi\u00f3n de una transpaleta el\u00e9ctrica en un sistema de pesaje m\u00f3vil.<\/p>\n<p><strong>EPMatic<\/strong> es un sistema de pesaje integrado en la horquilla, que ha sido dise\u00f1ado espec\u00edficamente para transpaletas el\u00e9ctricas, y proporciona resultados de pesaje inmediatos y precisos. Adem\u00e1s ofrece todas las funciones de pesaje pertinentes, y la \u00faltima tecnolog\u00eda de transferencia de datos. El sistema ha sido dise\u00f1ado para durar, resistir y evitar un servicio t\u00e9cnico continuo, incluso en aplicaciones industriales con requisitos extremadamente altos. El proceso de producci\u00f3n permite que cada sistema se adapte exactamente a los requisitos.<\/p>\n<p>La soluci\u00f3n <strong>EPMatic<\/strong> es un sistema combinado de pesaje y protecci\u00f3n de sobrecarga, que avisa al operario directamente en la transpaleta el\u00e9ctrica antes de que se produzca el da\u00f1o.&#8221;<\/p>\n<p><strong><div class=\"mkdf-separator-holder clearfix  mkdf-separator-center mkdf-separator-full-width\">\n\t<div class=\"mkdf-separator\" ><\/div>\n<\/div>\n<\/strong><\/p>\n<h4><strong>C\u00f3mo funciona<\/strong><\/h4>\n<p>Las horquillas pesadoras <strong>EPMatic<\/strong>proporcionan resultados de pesaje inmediatos y precisos en la transpaleta el\u00e9ctrica al colocar una carga en las horquillas. La gama completa de funciones de pesaje la convierte en la opci\u00f3n perfecta para cualquier aplicaci\u00f3n de almac\u00e9n.<\/p>\n<p>El uso normal de la transpaleta el\u00e9ctrica se mantiene sin cambios, pero con un sistema de pesaje integrado, que ahorra costes, y evita el tiempo de desplazamiento a una b\u00e1scula de suelo.<\/p>\n<p>Las horquillas pesadoras <strong>EPMatic<\/strong> proporcionan la transferencia de datos por Bluetooth o Wi-Fi, y la conectividad con sistemas WMS o ERP.<\/p>\n<p>La barra de sobrecarga y la alarma integradas mantienen al conductor informado sobre la relaci\u00f3n de la carga con el l\u00edmite de sobrecarga de la transpaleta el\u00e9ctrica. El rel\u00e9 el\u00e9ctrico, que puede activar una acci\u00f3n de sobrecarga en la transpaleta el\u00e9ctrica, evita situaciones peligrosas.<\/p>\n<p>Las horquillas pesadoras <strong>EPMatic<\/strong> mejoran la eficiencia intralog\u00edstica de la empresa, al permitir pesar en cualquier lugar y en cualquier momento.&#8221;<\/p>\n","protected":false},"excerpt":{"rendered":"<p>Conversi\u00f3n de una transpaleta el\u00e9ctrica en un sistema de pesaje m\u00f3vil.<\/p>\n","protected":false},"featured_media":14354,"template":"","meta":{"inline_featured_image":false},"product_brand":[],"product_cat":[241],"product_tag":[169],"class_list":{"0":"post-13902","1":"product","2":"type-product","3":"status-publish","4":"has-post-thumbnail","6":"product_cat-sem-categoria-es","7":"product_tag-transpaletas-electricas","9":"first","10":"instock","11":"shipping-taxable","12":"product-type-simple"},"yoast_head":"<!-- This site is optimized with the Yoast SEO plugin v27.5 - https:\/\/yoast.com\/product\/yoast-seo-wordpress\/ -->\n<title>EPMatic - Tesmatic<\/title>\n<meta name=\"robots\" content=\"index, follow, max-snippet:-1, max-image-preview:large, max-video-preview:-1\" \/>\n<link rel=\"canonical\" href=\"https:\/\/www.tesmatic.com\/es\/producto\/epmatic\/\" \/>\n<meta property=\"og:locale\" content=\"es_ES\" \/>\n<meta property=\"og:type\" content=\"article\" \/>\n<meta property=\"og:title\" content=\"EPMatic - Tesmatic\" \/>\n<meta property=\"og:description\" content=\"Conversi\u00f3n de una transpaleta el\u00e9ctrica en un sistema de pesaje m\u00f3vil.\" \/>\n<meta property=\"og:url\" content=\"https:\/\/www.tesmatic.com\/es\/producto\/epmatic\/\" \/>\n<meta property=\"og:site_name\" content=\"Tesmatic\" \/>\n<meta property=\"article:publisher\" content=\"https:\/\/www.facebook.com\/Tesmatic-885354095134707\" \/>\n<meta property=\"article:modified_time\" content=\"2023-03-13T04:56:36+00:00\" \/>\n<meta property=\"og:image\" content=\"https:\/\/www.tesmatic.com\/wp-content\/uploads\/2018\/12\/product-epmatic.png\" \/>\n\t<meta property=\"og:image:width\" content=\"600\" \/>\n\t<meta property=\"og:image:height\" content=\"600\" \/>\n\t<meta property=\"og:image:type\" content=\"image\/png\" \/>\n<meta name=\"twitter:card\" content=\"summary_large_image\" \/>\n<script type=\"application\/ld+json\" class=\"yoast-schema-graph\">{\"@context\":\"https:\\\/\\\/schema.org\",\"@graph\":[{\"@type\":\"WebPage\",\"@id\":\"https:\\\/\\\/www.tesmatic.com\\\/es\\\/producto\\\/epmatic\\\/\",\"url\":\"https:\\\/\\\/www.tesmatic.com\\\/es\\\/producto\\\/epmatic\\\/\",\"name\":\"EPMatic - Tesmatic\",\"isPartOf\":{\"@id\":\"https:\\\/\\\/www.tesmatic.com\\\/es\\\/#website\"},\"primaryImageOfPage\":{\"@id\":\"https:\\\/\\\/www.tesmatic.com\\\/es\\\/producto\\\/epmatic\\\/#primaryimage\"},\"image\":{\"@id\":\"https:\\\/\\\/www.tesmatic.com\\\/es\\\/producto\\\/epmatic\\\/#primaryimage\"},\"thumbnailUrl\":\"https:\\\/\\\/www.tesmatic.com\\\/wp-content\\\/uploads\\\/2018\\\/12\\\/tesmatic_epmatic_product.png\",\"datePublished\":\"2023-03-13T04:56:35+00:00\",\"dateModified\":\"2023-03-13T04:56:36+00:00\",\"breadcrumb\":{\"@id\":\"https:\\\/\\\/www.tesmatic.com\\\/es\\\/producto\\\/epmatic\\\/#breadcrumb\"},\"inLanguage\":\"es\",\"potentialAction\":[{\"@type\":\"ReadAction\",\"target\":[\"https:\\\/\\\/www.tesmatic.com\\\/es\\\/producto\\\/epmatic\\\/\"]}]},{\"@type\":\"ImageObject\",\"inLanguage\":\"es\",\"@id\":\"https:\\\/\\\/www.tesmatic.com\\\/es\\\/producto\\\/epmatic\\\/#primaryimage\",\"url\":\"https:\\\/\\\/www.tesmatic.com\\\/wp-content\\\/uploads\\\/2018\\\/12\\\/tesmatic_epmatic_product.png\",\"contentUrl\":\"https:\\\/\\\/www.tesmatic.com\\\/wp-content\\\/uploads\\\/2018\\\/12\\\/tesmatic_epmatic_product.png\",\"width\":600,\"height\":600},{\"@type\":\"BreadcrumbList\",\"@id\":\"https:\\\/\\\/www.tesmatic.com\\\/es\\\/producto\\\/epmatic\\\/#breadcrumb\",\"itemListElement\":[{\"@type\":\"ListItem\",\"position\":1,\"name\":\"Home\",\"item\":\"https:\\\/\\\/www.tesmatic.com\\\/es\\\/\"},{\"@type\":\"ListItem\",\"position\":2,\"name\":\"Productos\",\"item\":\"https:\\\/\\\/www.tesmatic.com\\\/es\\\/solutions\\\/\"},{\"@type\":\"ListItem\",\"position\":3,\"name\":\"EPMatic\"}]},{\"@type\":\"WebSite\",\"@id\":\"https:\\\/\\\/www.tesmatic.com\\\/es\\\/#website\",\"url\":\"https:\\\/\\\/www.tesmatic.com\\\/es\\\/\",\"name\":\"Tesmatic\",\"description\":\"Mobile scales on hand pallet, warehouse and forklift trucks\",\"publisher\":{\"@id\":\"https:\\\/\\\/www.tesmatic.com\\\/es\\\/#organization\"},\"potentialAction\":[{\"@type\":\"SearchAction\",\"target\":{\"@type\":\"EntryPoint\",\"urlTemplate\":\"https:\\\/\\\/www.tesmatic.com\\\/es\\\/?s={search_term_string}\"},\"query-input\":{\"@type\":\"PropertyValueSpecification\",\"valueRequired\":true,\"valueName\":\"search_term_string\"}}],\"inLanguage\":\"es\"},{\"@type\":\"Organization\",\"@id\":\"https:\\\/\\\/www.tesmatic.com\\\/es\\\/#organization\",\"name\":\"Tesmatic\",\"url\":\"https:\\\/\\\/www.tesmatic.com\\\/es\\\/\",\"logo\":{\"@type\":\"ImageObject\",\"inLanguage\":\"es\",\"@id\":\"https:\\\/\\\/www.tesmatic.com\\\/es\\\/#\\\/schema\\\/logo\\\/image\\\/\",\"url\":\"https:\\\/\\\/www.tesmatic.com\\\/wp-content\\\/uploads\\\/2021\\\/07\\\/tesmatic_logo_final.jpg\",\"contentUrl\":\"https:\\\/\\\/www.tesmatic.com\\\/wp-content\\\/uploads\\\/2021\\\/07\\\/tesmatic_logo_final.jpg\",\"width\":380,\"height\":164,\"caption\":\"Tesmatic\"},\"image\":{\"@id\":\"https:\\\/\\\/www.tesmatic.com\\\/es\\\/#\\\/schema\\\/logo\\\/image\\\/\"},\"sameAs\":[\"https:\\\/\\\/www.facebook.com\\\/Tesmatic-885354095134707\"]}]}<\/script>\n<!-- \/ Yoast SEO plugin. -->","yoast_head_json":{"title":"EPMatic - Tesmatic","robots":{"index":"index","follow":"follow","max-snippet":"max-snippet:-1","max-image-preview":"max-image-preview:large","max-video-preview":"max-video-preview:-1"},"canonical":"https:\/\/www.tesmatic.com\/es\/producto\/epmatic\/","og_locale":"es_ES","og_type":"article","og_title":"EPMatic - Tesmatic","og_description":"Conversi\u00f3n de una transpaleta el\u00e9ctrica en un sistema de pesaje m\u00f3vil.","og_url":"https:\/\/www.tesmatic.com\/es\/producto\/epmatic\/","og_site_name":"Tesmatic","article_publisher":"https:\/\/www.facebook.com\/Tesmatic-885354095134707","article_modified_time":"2023-03-13T04:56:36+00:00","og_image":[{"width":600,"height":600,"url":"https:\/\/www.tesmatic.com\/wp-content\/uploads\/2018\/12\/product-epmatic.png","type":"image\/png"}],"twitter_card":"summary_large_image","schema":{"@context":"https:\/\/schema.org","@graph":[{"@type":"WebPage","@id":"https:\/\/www.tesmatic.com\/es\/producto\/epmatic\/","url":"https:\/\/www.tesmatic.com\/es\/producto\/epmatic\/","name":"EPMatic - Tesmatic","isPartOf":{"@id":"https:\/\/www.tesmatic.com\/es\/#website"},"primaryImageOfPage":{"@id":"https:\/\/www.tesmatic.com\/es\/producto\/epmatic\/#primaryimage"},"image":{"@id":"https:\/\/www.tesmatic.com\/es\/producto\/epmatic\/#primaryimage"},"thumbnailUrl":"https:\/\/www.tesmatic.com\/wp-content\/uploads\/2018\/12\/tesmatic_epmatic_product.png","datePublished":"2023-03-13T04:56:35+00:00","dateModified":"2023-03-13T04:56:36+00:00","breadcrumb":{"@id":"https:\/\/www.tesmatic.com\/es\/producto\/epmatic\/#breadcrumb"},"inLanguage":"es","potentialAction":[{"@type":"ReadAction","target":["https:\/\/www.tesmatic.com\/es\/producto\/epmatic\/"]}]},{"@type":"ImageObject","inLanguage":"es","@id":"https:\/\/www.tesmatic.com\/es\/producto\/epmatic\/#primaryimage","url":"https:\/\/www.tesmatic.com\/wp-content\/uploads\/2018\/12\/tesmatic_epmatic_product.png","contentUrl":"https:\/\/www.tesmatic.com\/wp-content\/uploads\/2018\/12\/tesmatic_epmatic_product.png","width":600,"height":600},{"@type":"BreadcrumbList","@id":"https:\/\/www.tesmatic.com\/es\/producto\/epmatic\/#breadcrumb","itemListElement":[{"@type":"ListItem","position":1,"name":"Home","item":"https:\/\/www.tesmatic.com\/es\/"},{"@type":"ListItem","position":2,"name":"Productos","item":"https:\/\/www.tesmatic.com\/es\/solutions\/"},{"@type":"ListItem","position":3,"name":"EPMatic"}]},{"@type":"WebSite","@id":"https:\/\/www.tesmatic.com\/es\/#website","url":"https:\/\/www.tesmatic.com\/es\/","name":"Tesmatic","description":"Mobile scales on hand pallet, warehouse and forklift trucks","publisher":{"@id":"https:\/\/www.tesmatic.com\/es\/#organization"},"potentialAction":[{"@type":"SearchAction","target":{"@type":"EntryPoint","urlTemplate":"https:\/\/www.tesmatic.com\/es\/?s={search_term_string}"},"query-input":{"@type":"PropertyValueSpecification","valueRequired":true,"valueName":"search_term_string"}}],"inLanguage":"es"},{"@type":"Organization","@id":"https:\/\/www.tesmatic.com\/es\/#organization","name":"Tesmatic","url":"https:\/\/www.tesmatic.com\/es\/","logo":{"@type":"ImageObject","inLanguage":"es","@id":"https:\/\/www.tesmatic.com\/es\/#\/schema\/logo\/image\/","url":"https:\/\/www.tesmatic.com\/wp-content\/uploads\/2021\/07\/tesmatic_logo_final.jpg","contentUrl":"https:\/\/www.tesmatic.com\/wp-content\/uploads\/2021\/07\/tesmatic_logo_final.jpg","width":380,"height":164,"caption":"Tesmatic"},"image":{"@id":"https:\/\/www.tesmatic.com\/es\/#\/schema\/logo\/image\/"},"sameAs":["https:\/\/www.facebook.com\/Tesmatic-885354095134707"]}]}},"_links":{"self":[{"href":"https:\/\/www.tesmatic.com\/es\/wp-json\/wp\/v2\/product\/13902","targetHints":{"allow":["GET"]}}],"collection":[{"href":"https:\/\/www.tesmatic.com\/es\/wp-json\/wp\/v2\/product"}],"about":[{"href":"https:\/\/www.tesmatic.com\/es\/wp-json\/wp\/v2\/types\/product"}],"version-history":[{"count":2,"href":"https:\/\/www.tesmatic.com\/es\/wp-json\/wp\/v2\/product\/13902\/revisions"}],"predecessor-version":[{"id":13904,"href":"https:\/\/www.tesmatic.com\/es\/wp-json\/wp\/v2\/product\/13902\/revisions\/13904"}],"wp:featuredmedia":[{"embeddable":true,"href":"https:\/\/www.tesmatic.com\/es\/wp-json\/wp\/v2\/media\/14354"}],"wp:attachment":[{"href":"https:\/\/www.tesmatic.com\/es\/wp-json\/wp\/v2\/media?parent=13902"}],"wp:term":[{"taxonomy":"product_brand","embeddable":true,"href":"https:\/\/www.tesmatic.com\/es\/wp-json\/wp\/v2\/product_brand?post=13902"},{"taxonomy":"product_cat","embeddable":true,"href":"https:\/\/www.tesmatic.com\/es\/wp-json\/wp\/v2\/product_cat?post=13902"},{"taxonomy":"product_tag","embeddable":true,"href":"https:\/\/www.tesmatic.com\/es\/wp-json\/wp\/v2\/product_tag?post=13902"}],"curies":[{"name":"wp","href":"https:\/\/api.w.org\/{rel}","templated":true}]}}