{"id":13911,"date":"2021-08-04T00:18:35","date_gmt":"2023-03-13T05:09:58","guid":{"rendered":"https:\/\/www.tesmatic.com\/?post_type=product&#038;p=13911"},"modified":"2023-04-09T00:14:08","modified_gmt":"2023-04-09T00:14:08","slug":"printmatic","status":"publish","type":"product","link":"https:\/\/www.tesmatic.com\/es\/producto\/printmatic\/","title":{"rendered":"PrintMatic"},"content":{"rendered":"<p><strong>PrintMatic<\/strong> es una impresora t\u00e9rmica compacta, hecha a medida para aplicaciones de pesaje m\u00f3viles, y preparada para su montaje en veh\u00edculos y entornos industriales<\/p>\n<p>Alimentaci\u00f3n el\u00e9ctrica directa del indicador de pesaje La impresora proporciona tickets de pesaje r\u00e1pidos y silenciosos en papel t\u00e9rmico est\u00e1ndar, o en papel t\u00e9rmico adhesivo con impresi\u00f3n de Hora y Fecha, Peso Bruto, Tara y Neto de alta resoluci\u00f3n en n\u00fameros y en c\u00f3digo de barras.<\/p>\n","protected":false},"excerpt":{"rendered":"<p><strong>PrintMatic<\/strong>es una impresora t\u00e9rmica compacta dise\u00f1ada para aplicaciones de pesaje m\u00f3vil y montaje en veh\u00edculos, que proporciona tickets de pesaje r\u00e1pidos y silenciosos.<\/p>\n","protected":false},"featured_media":14379,"template":"","meta":{"inline_featured_image":false},"product_brand":[],"product_cat":[241],"product_tag":[],"class_list":{"0":"post-13911","1":"product","2":"type-product","3":"status-publish","4":"has-post-thumbnail","6":"product_cat-sem-categoria-es","8":"first","9":"instock","10":"sold-individually","11":"shipping-taxable","12":"product-type-simple"},"yoast_head":"<!-- This site is optimized with the Yoast SEO plugin v27.5 - https:\/\/yoast.com\/product\/yoast-seo-wordpress\/ -->\n<title>PrintMatic - Tesmatic<\/title>\n<meta name=\"robots\" content=\"index, follow, max-snippet:-1, max-image-preview:large, max-video-preview:-1\" \/>\n<link rel=\"canonical\" href=\"https:\/\/www.tesmatic.com\/es\/producto\/printmatic\/\" \/>\n<meta property=\"og:locale\" content=\"es_ES\" \/>\n<meta property=\"og:type\" content=\"article\" \/>\n<meta property=\"og:title\" content=\"PrintMatic - Tesmatic\" \/>\n<meta property=\"og:description\" content=\"PrintMatices una impresora t\u00e9rmica compacta dise\u00f1ada para aplicaciones de pesaje m\u00f3vil y montaje en veh\u00edculos, que proporciona tickets de pesaje r\u00e1pidos y silenciosos.\" \/>\n<meta property=\"og:url\" content=\"https:\/\/www.tesmatic.com\/es\/producto\/printmatic\/\" \/>\n<meta property=\"og:site_name\" content=\"Tesmatic\" \/>\n<meta property=\"article:publisher\" content=\"https:\/\/www.facebook.com\/Tesmatic-885354095134707\" \/>\n<meta property=\"article:modified_time\" content=\"2023-04-09T00:14:08+00:00\" \/>\n<meta property=\"og:image\" content=\"https:\/\/www.tesmatic.com\/wp-content\/uploads\/2021\/08\/printmatic.jpg\" \/>\n\t<meta property=\"og:image:width\" content=\"600\" \/>\n\t<meta property=\"og:image:height\" content=\"600\" \/>\n\t<meta property=\"og:image:type\" content=\"image\/jpeg\" \/>\n<meta name=\"twitter:card\" content=\"summary_large_image\" \/>\n<script type=\"application\/ld+json\" class=\"yoast-schema-graph\">{\"@context\":\"https:\\\/\\\/schema.org\",\"@graph\":[{\"@type\":\"WebPage\",\"@id\":\"https:\\\/\\\/www.tesmatic.com\\\/es\\\/producto\\\/printmatic\\\/\",\"url\":\"https:\\\/\\\/www.tesmatic.com\\\/es\\\/producto\\\/printmatic\\\/\",\"name\":\"PrintMatic - Tesmatic\",\"isPartOf\":{\"@id\":\"https:\\\/\\\/www.tesmatic.com\\\/es\\\/#website\"},\"primaryImageOfPage\":{\"@id\":\"https:\\\/\\\/www.tesmatic.com\\\/es\\\/producto\\\/printmatic\\\/#primaryimage\"},\"image\":{\"@id\":\"https:\\\/\\\/www.tesmatic.com\\\/es\\\/producto\\\/printmatic\\\/#primaryimage\"},\"thumbnailUrl\":\"https:\\\/\\\/www.tesmatic.com\\\/wp-content\\\/uploads\\\/2021\\\/08\\\/tesmatic_printmatic.png\",\"datePublished\":\"2023-03-13T05:09:58+00:00\",\"dateModified\":\"2023-04-09T00:14:08+00:00\",\"breadcrumb\":{\"@id\":\"https:\\\/\\\/www.tesmatic.com\\\/es\\\/producto\\\/printmatic\\\/#breadcrumb\"},\"inLanguage\":\"es\",\"potentialAction\":[{\"@type\":\"ReadAction\",\"target\":[\"https:\\\/\\\/www.tesmatic.com\\\/es\\\/producto\\\/printmatic\\\/\"]}]},{\"@type\":\"ImageObject\",\"inLanguage\":\"es\",\"@id\":\"https:\\\/\\\/www.tesmatic.com\\\/es\\\/producto\\\/printmatic\\\/#primaryimage\",\"url\":\"https:\\\/\\\/www.tesmatic.com\\\/wp-content\\\/uploads\\\/2021\\\/08\\\/tesmatic_printmatic.png\",\"contentUrl\":\"https:\\\/\\\/www.tesmatic.com\\\/wp-content\\\/uploads\\\/2021\\\/08\\\/tesmatic_printmatic.png\",\"width\":600,\"height\":600},{\"@type\":\"BreadcrumbList\",\"@id\":\"https:\\\/\\\/www.tesmatic.com\\\/es\\\/producto\\\/printmatic\\\/#breadcrumb\",\"itemListElement\":[{\"@type\":\"ListItem\",\"position\":1,\"name\":\"Home\",\"item\":\"https:\\\/\\\/www.tesmatic.com\\\/es\\\/\"},{\"@type\":\"ListItem\",\"position\":2,\"name\":\"Productos\",\"item\":\"https:\\\/\\\/www.tesmatic.com\\\/es\\\/solutions\\\/\"},{\"@type\":\"ListItem\",\"position\":3,\"name\":\"PrintMatic\"}]},{\"@type\":\"WebSite\",\"@id\":\"https:\\\/\\\/www.tesmatic.com\\\/es\\\/#website\",\"url\":\"https:\\\/\\\/www.tesmatic.com\\\/es\\\/\",\"name\":\"Tesmatic\",\"description\":\"Mobile scales on hand pallet, warehouse and forklift trucks\",\"publisher\":{\"@id\":\"https:\\\/\\\/www.tesmatic.com\\\/es\\\/#organization\"},\"potentialAction\":[{\"@type\":\"SearchAction\",\"target\":{\"@type\":\"EntryPoint\",\"urlTemplate\":\"https:\\\/\\\/www.tesmatic.com\\\/es\\\/?s={search_term_string}\"},\"query-input\":{\"@type\":\"PropertyValueSpecification\",\"valueRequired\":true,\"valueName\":\"search_term_string\"}}],\"inLanguage\":\"es\"},{\"@type\":\"Organization\",\"@id\":\"https:\\\/\\\/www.tesmatic.com\\\/es\\\/#organization\",\"name\":\"Tesmatic\",\"url\":\"https:\\\/\\\/www.tesmatic.com\\\/es\\\/\",\"logo\":{\"@type\":\"ImageObject\",\"inLanguage\":\"es\",\"@id\":\"https:\\\/\\\/www.tesmatic.com\\\/es\\\/#\\\/schema\\\/logo\\\/image\\\/\",\"url\":\"https:\\\/\\\/www.tesmatic.com\\\/wp-content\\\/uploads\\\/2021\\\/07\\\/tesmatic_logo_final.jpg\",\"contentUrl\":\"https:\\\/\\\/www.tesmatic.com\\\/wp-content\\\/uploads\\\/2021\\\/07\\\/tesmatic_logo_final.jpg\",\"width\":380,\"height\":164,\"caption\":\"Tesmatic\"},\"image\":{\"@id\":\"https:\\\/\\\/www.tesmatic.com\\\/es\\\/#\\\/schema\\\/logo\\\/image\\\/\"},\"sameAs\":[\"https:\\\/\\\/www.facebook.com\\\/Tesmatic-885354095134707\"]}]}<\/script>\n<!-- \/ Yoast SEO plugin. -->","yoast_head_json":{"title":"PrintMatic - Tesmatic","robots":{"index":"index","follow":"follow","max-snippet":"max-snippet:-1","max-image-preview":"max-image-preview:large","max-video-preview":"max-video-preview:-1"},"canonical":"https:\/\/www.tesmatic.com\/es\/producto\/printmatic\/","og_locale":"es_ES","og_type":"article","og_title":"PrintMatic - Tesmatic","og_description":"PrintMatices una impresora t\u00e9rmica compacta dise\u00f1ada para aplicaciones de pesaje m\u00f3vil y montaje en veh\u00edculos, que proporciona tickets de pesaje r\u00e1pidos y silenciosos.","og_url":"https:\/\/www.tesmatic.com\/es\/producto\/printmatic\/","og_site_name":"Tesmatic","article_publisher":"https:\/\/www.facebook.com\/Tesmatic-885354095134707","article_modified_time":"2023-04-09T00:14:08+00:00","og_image":[{"width":600,"height":600,"url":"https:\/\/www.tesmatic.com\/wp-content\/uploads\/2021\/08\/printmatic.jpg","type":"image\/jpeg"}],"twitter_card":"summary_large_image","schema":{"@context":"https:\/\/schema.org","@graph":[{"@type":"WebPage","@id":"https:\/\/www.tesmatic.com\/es\/producto\/printmatic\/","url":"https:\/\/www.tesmatic.com\/es\/producto\/printmatic\/","name":"PrintMatic - Tesmatic","isPartOf":{"@id":"https:\/\/www.tesmatic.com\/es\/#website"},"primaryImageOfPage":{"@id":"https:\/\/www.tesmatic.com\/es\/producto\/printmatic\/#primaryimage"},"image":{"@id":"https:\/\/www.tesmatic.com\/es\/producto\/printmatic\/#primaryimage"},"thumbnailUrl":"https:\/\/www.tesmatic.com\/wp-content\/uploads\/2021\/08\/tesmatic_printmatic.png","datePublished":"2023-03-13T05:09:58+00:00","dateModified":"2023-04-09T00:14:08+00:00","breadcrumb":{"@id":"https:\/\/www.tesmatic.com\/es\/producto\/printmatic\/#breadcrumb"},"inLanguage":"es","potentialAction":[{"@type":"ReadAction","target":["https:\/\/www.tesmatic.com\/es\/producto\/printmatic\/"]}]},{"@type":"ImageObject","inLanguage":"es","@id":"https:\/\/www.tesmatic.com\/es\/producto\/printmatic\/#primaryimage","url":"https:\/\/www.tesmatic.com\/wp-content\/uploads\/2021\/08\/tesmatic_printmatic.png","contentUrl":"https:\/\/www.tesmatic.com\/wp-content\/uploads\/2021\/08\/tesmatic_printmatic.png","width":600,"height":600},{"@type":"BreadcrumbList","@id":"https:\/\/www.tesmatic.com\/es\/producto\/printmatic\/#breadcrumb","itemListElement":[{"@type":"ListItem","position":1,"name":"Home","item":"https:\/\/www.tesmatic.com\/es\/"},{"@type":"ListItem","position":2,"name":"Productos","item":"https:\/\/www.tesmatic.com\/es\/solutions\/"},{"@type":"ListItem","position":3,"name":"PrintMatic"}]},{"@type":"WebSite","@id":"https:\/\/www.tesmatic.com\/es\/#website","url":"https:\/\/www.tesmatic.com\/es\/","name":"Tesmatic","description":"Mobile scales on hand pallet, warehouse and forklift trucks","publisher":{"@id":"https:\/\/www.tesmatic.com\/es\/#organization"},"potentialAction":[{"@type":"SearchAction","target":{"@type":"EntryPoint","urlTemplate":"https:\/\/www.tesmatic.com\/es\/?s={search_term_string}"},"query-input":{"@type":"PropertyValueSpecification","valueRequired":true,"valueName":"search_term_string"}}],"inLanguage":"es"},{"@type":"Organization","@id":"https:\/\/www.tesmatic.com\/es\/#organization","name":"Tesmatic","url":"https:\/\/www.tesmatic.com\/es\/","logo":{"@type":"ImageObject","inLanguage":"es","@id":"https:\/\/www.tesmatic.com\/es\/#\/schema\/logo\/image\/","url":"https:\/\/www.tesmatic.com\/wp-content\/uploads\/2021\/07\/tesmatic_logo_final.jpg","contentUrl":"https:\/\/www.tesmatic.com\/wp-content\/uploads\/2021\/07\/tesmatic_logo_final.jpg","width":380,"height":164,"caption":"Tesmatic"},"image":{"@id":"https:\/\/www.tesmatic.com\/es\/#\/schema\/logo\/image\/"},"sameAs":["https:\/\/www.facebook.com\/Tesmatic-885354095134707"]}]}},"_links":{"self":[{"href":"https:\/\/www.tesmatic.com\/es\/wp-json\/wp\/v2\/product\/13911","targetHints":{"allow":["GET"]}}],"collection":[{"href":"https:\/\/www.tesmatic.com\/es\/wp-json\/wp\/v2\/product"}],"about":[{"href":"https:\/\/www.tesmatic.com\/es\/wp-json\/wp\/v2\/types\/product"}],"version-history":[{"count":3,"href":"https:\/\/www.tesmatic.com\/es\/wp-json\/wp\/v2\/product\/13911\/revisions"}],"predecessor-version":[{"id":14271,"href":"https:\/\/www.tesmatic.com\/es\/wp-json\/wp\/v2\/product\/13911\/revisions\/14271"}],"wp:featuredmedia":[{"embeddable":true,"href":"https:\/\/www.tesmatic.com\/es\/wp-json\/wp\/v2\/media\/14379"}],"wp:attachment":[{"href":"https:\/\/www.tesmatic.com\/es\/wp-json\/wp\/v2\/media?parent=13911"}],"wp:term":[{"taxonomy":"product_brand","embeddable":true,"href":"https:\/\/www.tesmatic.com\/es\/wp-json\/wp\/v2\/product_brand?post=13911"},{"taxonomy":"product_cat","embeddable":true,"href":"https:\/\/www.tesmatic.com\/es\/wp-json\/wp\/v2\/product_cat?post=13911"},{"taxonomy":"product_tag","embeddable":true,"href":"https:\/\/www.tesmatic.com\/es\/wp-json\/wp\/v2\/product_tag?post=13911"}],"curies":[{"name":"wp","href":"https:\/\/api.w.org\/{rel}","templated":true}]}}