{"id":12497,"date":"2018-12-13T13:53:08","date_gmt":"2022-02-16T12:23:50","guid":{"rendered":"https:\/\/www.tesmatic.com\/product\/loadmatic\/"},"modified":"2022-02-21T19:35:27","modified_gmt":"2022-02-21T19:35:27","slug":"loadmatic","status":"publish","type":"product","link":"https:\/\/www.tesmatic.com\/fr\/product\/loadmatic\/","title":{"rendered":"LoadMatic"},"content":{"rendered":"<p><strong>LoadMatic<\/strong> est un syst\u00e8me combin\u00e9 de pesage et de protection contre les surcharges qui fournit une pes\u00e9e rapide et une protection imm\u00e9diate contre les surcharges directement sur le chariot \u00e9l\u00e9vateur avant que les dommages ne soient caus\u00e9s.<\/p>\n<p>Le syst\u00e8me de pesage mobile est un excellent outil pour des contr\u00f4les de charge rapides. Le syst\u00e8me minimise le trafic des chariots \u00e9l\u00e9vateurs \u00e0 fourche, la consommation de temps et d\u2019\u00e9nergie ainsi que les risques de collision avec le personnel.<\/p>\n<p>La barre de surcharge et l\u2019alarme int\u00e9gr\u00e9es tiennent le conducteur inform\u00e9 de la relation de charge par rapport \u00e0 la limite de surcharge du chariot \u00e9l\u00e9vateur. Le relais \u00e9lectrique, qui peut activer une action de surcharge sur le chariot \u00e9l\u00e9vateur, emp\u00eache les situations dangereuses.<\/p>\n<p><strong><div class=\"mkdf-separator-holder clearfix  mkdf-separator-center mkdf-separator-full-width\">\n\t<div class=\"mkdf-separator\" ><\/div>\n<\/div>\n<\/strong><\/p>\n<h4><strong>Comment cela fonctionne-t-il ?<\/strong><\/h4>\n<p>Le syst\u00e8me de pes\u00e9e hydraulique <strong>LoadMatic<\/strong> et le syst\u00e8me de protection contre les surcharges p\u00e8sent la charge lors du levage jusqu\u2019\u00e0 un point fixe et avertissent l\u2019op\u00e9rateur si la limite de levage pr\u00e9d\u00e9finie a \u00e9t\u00e9 d\u00e9pass\u00e9e en mesurant la pression dans l\u2019hydraulique de levage.<\/p>\n<p>Lorsque l\u2019op\u00e9rateur du chariot \u00e9l\u00e9vateur soul\u00e8ve une charge, la barre de charge le tiendra inform\u00e9 de son poids par rapport \u00e0 la capacit\u00e9 de levage maximale. Si l\u2019op\u00e9rateur tente de soulever au-dessus de la limite de levage pr\u00e9d\u00e9finie, l\u2019alarme sonore int\u00e9gr\u00e9e et les relais \u00e9lectriques seront activ\u00e9s. Les relais pourraient activer une r\u00e9duction de vitesse, un abaissement automatique des fourches ou toute action similaire du chariot \u00e9l\u00e9vateur.<\/p>\n<p>Enti\u00e8rement r\u00e9glable, n\u2019affecte pas les performances de levage hydraulique et am\u00e9liore la s\u00e9curit\u00e9 du site. Le syst\u00e8me fonctionne \u00e9galement sur les chargeuses sur pneus et les chargeuses frontales.<\/p>\n","protected":false},"excerpt":{"rendered":"<p><strong>LoadMatic<\/strong> est un syst\u00e8me combin\u00e9 de pesage et de protection contre les surcharges qui fournit une pes\u00e9e rapide et une protection imm\u00e9diate contre les surcharges directement sur le chariot \u00e9l\u00e9vateur avant que les dommages ne soient caus\u00e9s.<\/p>\n","protected":false},"featured_media":14332,"template":"","meta":{"inline_featured_image":false},"product_brand":[],"product_cat":[210],"product_tag":[218,220,211,215,212,216,213,217,208,214,219],"class_list":{"0":"post-12497","1":"product","2":"type-product","3":"status-publish","4":"has-post-thumbnail","6":"product_cat-sem-categoria-fr","7":"product_tag-chargeurs-frontaux","8":"product_tag-chargeuses-a-roues","9":"product_tag-chariots-elevateurs","10":"product_tag-chariots-elevateurs-multidirectionnels","11":"product_tag-chariots-reach","12":"product_tag-chariots-tourelles-a-allee-etroite","13":"product_tag-empileurs","14":"product_tag-empileurs-reach","15":"product_tag-manutentionnaires-de-conteneurs","16":"product_tag-mini-chargeurs","17":"product_tag-mini-chargeurs-fr","19":"first","20":"instock","21":"sold-individually","22":"shipping-taxable","23":"product-type-simple"},"yoast_head":"<!-- This site is optimized with the Yoast SEO plugin v27.5 - https:\/\/yoast.com\/product\/yoast-seo-wordpress\/ -->\n<title>LoadMatic - Tesmatic<\/title>\n<meta name=\"robots\" content=\"index, follow, max-snippet:-1, max-image-preview:large, max-video-preview:-1\" \/>\n<link rel=\"canonical\" href=\"https:\/\/www.tesmatic.com\/fr\/product\/loadmatic\/\" \/>\n<meta property=\"og:locale\" content=\"fr_FR\" \/>\n<meta property=\"og:type\" content=\"article\" \/>\n<meta property=\"og:title\" content=\"LoadMatic - Tesmatic\" \/>\n<meta property=\"og:description\" content=\"LoadMatic est un syst\u00e8me combin\u00e9 de pesage et de protection contre les surcharges qui fournit une pes\u00e9e rapide et une protection imm\u00e9diate contre les surcharges directement sur le chariot \u00e9l\u00e9vateur avant que les dommages ne soient caus\u00e9s.\" \/>\n<meta property=\"og:url\" content=\"https:\/\/www.tesmatic.com\/fr\/product\/loadmatic\/\" \/>\n<meta property=\"og:site_name\" content=\"Tesmatic\" \/>\n<meta property=\"article:publisher\" content=\"https:\/\/www.facebook.com\/Tesmatic-885354095134707\" \/>\n<meta property=\"article:modified_time\" content=\"2022-02-21T19:35:27+00:00\" \/>\n<meta property=\"og:image\" content=\"https:\/\/www.tesmatic.com\/wp-content\/uploads\/2018\/12\/corematic.png\" \/>\n\t<meta property=\"og:image:width\" content=\"600\" \/>\n\t<meta property=\"og:image:height\" content=\"600\" \/>\n\t<meta property=\"og:image:type\" content=\"image\/png\" \/>\n<meta name=\"twitter:card\" content=\"summary_large_image\" \/>\n<meta name=\"twitter:label1\" content=\"Dur\u00e9e de lecture estim\u00e9e\" \/>\n\t<meta name=\"twitter:data1\" content=\"2 minutes\" \/>\n<script type=\"application\/ld+json\" class=\"yoast-schema-graph\">{\"@context\":\"https:\\\/\\\/schema.org\",\"@graph\":[{\"@type\":\"WebPage\",\"@id\":\"https:\\\/\\\/www.tesmatic.com\\\/fr\\\/product\\\/loadmatic\\\/\",\"url\":\"https:\\\/\\\/www.tesmatic.com\\\/fr\\\/product\\\/loadmatic\\\/\",\"name\":\"LoadMatic - Tesmatic\",\"isPartOf\":{\"@id\":\"https:\\\/\\\/www.tesmatic.com\\\/fr\\\/#website\"},\"primaryImageOfPage\":{\"@id\":\"https:\\\/\\\/www.tesmatic.com\\\/fr\\\/product\\\/loadmatic\\\/#primaryimage\"},\"image\":{\"@id\":\"https:\\\/\\\/www.tesmatic.com\\\/fr\\\/product\\\/loadmatic\\\/#primaryimage\"},\"thumbnailUrl\":\"https:\\\/\\\/www.tesmatic.com\\\/wp-content\\\/uploads\\\/2018\\\/12\\\/tesmatic_loadmatic_product-1.png\",\"datePublished\":\"2022-02-16T12:23:50+00:00\",\"dateModified\":\"2022-02-21T19:35:27+00:00\",\"breadcrumb\":{\"@id\":\"https:\\\/\\\/www.tesmatic.com\\\/fr\\\/product\\\/loadmatic\\\/#breadcrumb\"},\"inLanguage\":\"fr-FR\",\"potentialAction\":[{\"@type\":\"ReadAction\",\"target\":[\"https:\\\/\\\/www.tesmatic.com\\\/fr\\\/product\\\/loadmatic\\\/\"]}]},{\"@type\":\"ImageObject\",\"inLanguage\":\"fr-FR\",\"@id\":\"https:\\\/\\\/www.tesmatic.com\\\/fr\\\/product\\\/loadmatic\\\/#primaryimage\",\"url\":\"https:\\\/\\\/www.tesmatic.com\\\/wp-content\\\/uploads\\\/2018\\\/12\\\/tesmatic_loadmatic_product-1.png\",\"contentUrl\":\"https:\\\/\\\/www.tesmatic.com\\\/wp-content\\\/uploads\\\/2018\\\/12\\\/tesmatic_loadmatic_product-1.png\",\"width\":800,\"height\":800},{\"@type\":\"BreadcrumbList\",\"@id\":\"https:\\\/\\\/www.tesmatic.com\\\/fr\\\/product\\\/loadmatic\\\/#breadcrumb\",\"itemListElement\":[{\"@type\":\"ListItem\",\"position\":1,\"name\":\"Home\",\"item\":\"https:\\\/\\\/www.tesmatic.com\\\/fr\\\/\"},{\"@type\":\"ListItem\",\"position\":2,\"name\":\"Produits\",\"item\":\"https:\\\/\\\/www.tesmatic.com\\\/fr\\\/solutions\\\/\"},{\"@type\":\"ListItem\",\"position\":3,\"name\":\"LoadMatic\"}]},{\"@type\":\"WebSite\",\"@id\":\"https:\\\/\\\/www.tesmatic.com\\\/fr\\\/#website\",\"url\":\"https:\\\/\\\/www.tesmatic.com\\\/fr\\\/\",\"name\":\"Tesmatic\",\"description\":\"Mobile scales on hand pallet, warehouse and forklift trucks\",\"publisher\":{\"@id\":\"https:\\\/\\\/www.tesmatic.com\\\/fr\\\/#organization\"},\"potentialAction\":[{\"@type\":\"SearchAction\",\"target\":{\"@type\":\"EntryPoint\",\"urlTemplate\":\"https:\\\/\\\/www.tesmatic.com\\\/fr\\\/?s={search_term_string}\"},\"query-input\":{\"@type\":\"PropertyValueSpecification\",\"valueRequired\":true,\"valueName\":\"search_term_string\"}}],\"inLanguage\":\"fr-FR\"},{\"@type\":\"Organization\",\"@id\":\"https:\\\/\\\/www.tesmatic.com\\\/fr\\\/#organization\",\"name\":\"Tesmatic\",\"url\":\"https:\\\/\\\/www.tesmatic.com\\\/fr\\\/\",\"logo\":{\"@type\":\"ImageObject\",\"inLanguage\":\"fr-FR\",\"@id\":\"https:\\\/\\\/www.tesmatic.com\\\/fr\\\/#\\\/schema\\\/logo\\\/image\\\/\",\"url\":\"https:\\\/\\\/www.tesmatic.com\\\/wp-content\\\/uploads\\\/2021\\\/07\\\/tesmatic_logo_final.jpg\",\"contentUrl\":\"https:\\\/\\\/www.tesmatic.com\\\/wp-content\\\/uploads\\\/2021\\\/07\\\/tesmatic_logo_final.jpg\",\"width\":380,\"height\":164,\"caption\":\"Tesmatic\"},\"image\":{\"@id\":\"https:\\\/\\\/www.tesmatic.com\\\/fr\\\/#\\\/schema\\\/logo\\\/image\\\/\"},\"sameAs\":[\"https:\\\/\\\/www.facebook.com\\\/Tesmatic-885354095134707\"]}]}<\/script>\n<!-- \/ Yoast SEO plugin. -->","yoast_head_json":{"title":"LoadMatic - Tesmatic","robots":{"index":"index","follow":"follow","max-snippet":"max-snippet:-1","max-image-preview":"max-image-preview:large","max-video-preview":"max-video-preview:-1"},"canonical":"https:\/\/www.tesmatic.com\/fr\/product\/loadmatic\/","og_locale":"fr_FR","og_type":"article","og_title":"LoadMatic - Tesmatic","og_description":"LoadMatic est un syst\u00e8me combin\u00e9 de pesage et de protection contre les surcharges qui fournit une pes\u00e9e rapide et une protection imm\u00e9diate contre les surcharges directement sur le chariot \u00e9l\u00e9vateur avant que les dommages ne soient caus\u00e9s.","og_url":"https:\/\/www.tesmatic.com\/fr\/product\/loadmatic\/","og_site_name":"Tesmatic","article_publisher":"https:\/\/www.facebook.com\/Tesmatic-885354095134707","article_modified_time":"2022-02-21T19:35:27+00:00","og_image":[{"width":600,"height":600,"url":"https:\/\/www.tesmatic.com\/wp-content\/uploads\/2018\/12\/corematic.png","type":"image\/png"}],"twitter_card":"summary_large_image","twitter_misc":{"Dur\u00e9e de lecture estim\u00e9e":"2 minutes"},"schema":{"@context":"https:\/\/schema.org","@graph":[{"@type":"WebPage","@id":"https:\/\/www.tesmatic.com\/fr\/product\/loadmatic\/","url":"https:\/\/www.tesmatic.com\/fr\/product\/loadmatic\/","name":"LoadMatic - Tesmatic","isPartOf":{"@id":"https:\/\/www.tesmatic.com\/fr\/#website"},"primaryImageOfPage":{"@id":"https:\/\/www.tesmatic.com\/fr\/product\/loadmatic\/#primaryimage"},"image":{"@id":"https:\/\/www.tesmatic.com\/fr\/product\/loadmatic\/#primaryimage"},"thumbnailUrl":"https:\/\/www.tesmatic.com\/wp-content\/uploads\/2018\/12\/tesmatic_loadmatic_product-1.png","datePublished":"2022-02-16T12:23:50+00:00","dateModified":"2022-02-21T19:35:27+00:00","breadcrumb":{"@id":"https:\/\/www.tesmatic.com\/fr\/product\/loadmatic\/#breadcrumb"},"inLanguage":"fr-FR","potentialAction":[{"@type":"ReadAction","target":["https:\/\/www.tesmatic.com\/fr\/product\/loadmatic\/"]}]},{"@type":"ImageObject","inLanguage":"fr-FR","@id":"https:\/\/www.tesmatic.com\/fr\/product\/loadmatic\/#primaryimage","url":"https:\/\/www.tesmatic.com\/wp-content\/uploads\/2018\/12\/tesmatic_loadmatic_product-1.png","contentUrl":"https:\/\/www.tesmatic.com\/wp-content\/uploads\/2018\/12\/tesmatic_loadmatic_product-1.png","width":800,"height":800},{"@type":"BreadcrumbList","@id":"https:\/\/www.tesmatic.com\/fr\/product\/loadmatic\/#breadcrumb","itemListElement":[{"@type":"ListItem","position":1,"name":"Home","item":"https:\/\/www.tesmatic.com\/fr\/"},{"@type":"ListItem","position":2,"name":"Produits","item":"https:\/\/www.tesmatic.com\/fr\/solutions\/"},{"@type":"ListItem","position":3,"name":"LoadMatic"}]},{"@type":"WebSite","@id":"https:\/\/www.tesmatic.com\/fr\/#website","url":"https:\/\/www.tesmatic.com\/fr\/","name":"Tesmatic","description":"Mobile scales on hand pallet, warehouse and forklift trucks","publisher":{"@id":"https:\/\/www.tesmatic.com\/fr\/#organization"},"potentialAction":[{"@type":"SearchAction","target":{"@type":"EntryPoint","urlTemplate":"https:\/\/www.tesmatic.com\/fr\/?s={search_term_string}"},"query-input":{"@type":"PropertyValueSpecification","valueRequired":true,"valueName":"search_term_string"}}],"inLanguage":"fr-FR"},{"@type":"Organization","@id":"https:\/\/www.tesmatic.com\/fr\/#organization","name":"Tesmatic","url":"https:\/\/www.tesmatic.com\/fr\/","logo":{"@type":"ImageObject","inLanguage":"fr-FR","@id":"https:\/\/www.tesmatic.com\/fr\/#\/schema\/logo\/image\/","url":"https:\/\/www.tesmatic.com\/wp-content\/uploads\/2021\/07\/tesmatic_logo_final.jpg","contentUrl":"https:\/\/www.tesmatic.com\/wp-content\/uploads\/2021\/07\/tesmatic_logo_final.jpg","width":380,"height":164,"caption":"Tesmatic"},"image":{"@id":"https:\/\/www.tesmatic.com\/fr\/#\/schema\/logo\/image\/"},"sameAs":["https:\/\/www.facebook.com\/Tesmatic-885354095134707"]}]}},"_links":{"self":[{"href":"https:\/\/www.tesmatic.com\/fr\/wp-json\/wp\/v2\/product\/12497","targetHints":{"allow":["GET"]}}],"collection":[{"href":"https:\/\/www.tesmatic.com\/fr\/wp-json\/wp\/v2\/product"}],"about":[{"href":"https:\/\/www.tesmatic.com\/fr\/wp-json\/wp\/v2\/types\/product"}],"version-history":[{"count":1,"href":"https:\/\/www.tesmatic.com\/fr\/wp-json\/wp\/v2\/product\/12497\/revisions"}],"predecessor-version":[{"id":12498,"href":"https:\/\/www.tesmatic.com\/fr\/wp-json\/wp\/v2\/product\/12497\/revisions\/12498"}],"wp:featuredmedia":[{"embeddable":true,"href":"https:\/\/www.tesmatic.com\/fr\/wp-json\/wp\/v2\/media\/14332"}],"wp:attachment":[{"href":"https:\/\/www.tesmatic.com\/fr\/wp-json\/wp\/v2\/media?parent=12497"}],"wp:term":[{"taxonomy":"product_brand","embeddable":true,"href":"https:\/\/www.tesmatic.com\/fr\/wp-json\/wp\/v2\/product_brand?post=12497"},{"taxonomy":"product_cat","embeddable":true,"href":"https:\/\/www.tesmatic.com\/fr\/wp-json\/wp\/v2\/product_cat?post=12497"},{"taxonomy":"product_tag","embeddable":true,"href":"https:\/\/www.tesmatic.com\/fr\/wp-json\/wp\/v2\/product_tag?post=12497"}],"curies":[{"name":"wp","href":"https:\/\/api.w.org\/{rel}","templated":true}]}}