{"id":12502,"date":"2018-12-10T14:45:12","date_gmt":"2022-02-21T20:21:55","guid":{"rendered":"https:\/\/www.tesmatic.com\/product\/epmatic\/"},"modified":"2022-02-21T20:21:55","modified_gmt":"2022-02-21T20:21:55","slug":"epmatic-2","status":"publish","type":"product","link":"https:\/\/www.tesmatic.com\/fr\/product\/epmatic-2\/","title":{"rendered":"EPMatic"},"content":{"rendered":"<p>Conversion d\u2019un transpalette \u00e9lectrique en syst\u00e8me de pesage mobile.<\/p>\n<p><strong>EPMatic<\/strong>est un syst\u00e8me de pesage int\u00e9gr\u00e9 \u00e0 une fourche qui a \u00e9t\u00e9 con\u00e7u sp\u00e9cialement pour les transpalettes \u00e9lectriques et fournit des r\u00e9sultats de pesage imm\u00e9diats et pr\u00e9cis. Le syst\u00e8me fournit toutes les fonctions de pesage pertinentes et les derni\u00e8res technologies de transfert de donn\u00e9es. Le syst\u00e8me a \u00e9t\u00e9 con\u00e7u pour durer, r\u00e9sister et \u00e9viter un service technique continu, m\u00eame dans des applications industrielles avec des exigences extr\u00eamement \u00e9lev\u00e9es. Le processus de production permet d\u2019adapter chaque syst\u00e8me exactement en fonction des exigences.<\/p>\n<p>La solution <strong>EPMatic<\/strong>est un syst\u00e8me combin\u00e9 de pesage et de protection contre les surcharges, qui avertit l\u2019op\u00e9rateur directement sur le transpalette \u00e9lectrique avant que des dommages ne soient caus\u00e9s.<\/p>\n<p><strong><div class=\"mkdf-separator-holder clearfix  mkdf-separator-center mkdf-separator-full-width\">\n\t<div class=\"mkdf-separator\" ><\/div>\n<\/div>\n<\/strong><\/p>\n<h4><strong>Comment cela fonctionne-t-il ?<\/strong><\/h4>\n<p>Les fourches de pesage <strong>EPMatic<\/strong>fournissent des r\u00e9sultats de pesage imm\u00e9diats et pr\u00e9cis sur le transpalette \u00e9lectrique lors de la mise en place d\u2019une charge sur les fourches. La gamme compl\u00e8te des fonctions de pesage en fait l\u2019option id\u00e9ale pour toute application d\u2019entrep\u00f4t.<\/p>\n<p>L\u2019utilisation normale du transpalette \u00e9lectrique reste inchang\u00e9e, mais avec un syst\u00e8me de pesage int\u00e9gr\u00e9 qui permet d\u2019\u00e9conomiser des co\u00fbts et d\u2019\u00e9viter le temps n\u00e9cessaire pour se rendre aux balances au sol.<\/p>\n<p>Les fourches de pesage <strong>EPMatic<\/strong>fournissent le transfert de donn\u00e9es Bluetooth ou Wi-Fi requis et la connectivit\u00e9 avec les syst\u00e8mes WMS ou ERP.<\/p>\n<p>La barre de surcharge et l\u2019alarme int\u00e9gr\u00e9es tiennent le conducteur inform\u00e9 de la relation de charge par rapport \u00e0 la limite de surcharge du transpalette \u00e9lectrique et le relais \u00e9lectrique, qui peut activer une action de surcharge sur le transpalette \u00e9lectrique, emp\u00eache les situations dangereuses.<\/p>\n<p>Les fourches de pesage <strong>EPMatic<\/strong>am\u00e9liorent l\u2019efficacit\u00e9 intra logistique de l\u2019entreprise en permettant de peser n\u2019importe o\u00f9 et n\u2019importe quand.<\/p>\n","protected":false},"excerpt":{"rendered":"<p>Conversion d\u2019un transpalette \u00e9lectrique en syst\u00e8me de pesage mobile.<\/p>\n","protected":false},"featured_media":14351,"template":"","meta":{"inline_featured_image":false},"product_brand":[],"product_cat":[210],"product_tag":[209],"class_list":{"0":"post-12502","1":"product","2":"type-product","3":"status-publish","4":"has-post-thumbnail","6":"product_cat-sem-categoria-fr","7":"product_tag-transpalettes-electriques","9":"first","10":"instock","11":"shipping-taxable","12":"product-type-simple"},"yoast_head":"<!-- This site is optimized with the Yoast SEO plugin v27.5 - https:\/\/yoast.com\/product\/yoast-seo-wordpress\/ -->\n<title>EPMatic - Tesmatic<\/title>\n<meta name=\"robots\" content=\"index, follow, max-snippet:-1, max-image-preview:large, max-video-preview:-1\" \/>\n<link rel=\"canonical\" href=\"https:\/\/www.tesmatic.com\/fr\/product\/epmatic-2\/\" \/>\n<meta property=\"og:locale\" content=\"fr_FR\" \/>\n<meta property=\"og:type\" content=\"article\" \/>\n<meta property=\"og:title\" content=\"EPMatic - Tesmatic\" \/>\n<meta property=\"og:description\" content=\"Conversion d\u2019un transpalette \u00e9lectrique en syst\u00e8me de pesage mobile.\" \/>\n<meta property=\"og:url\" content=\"https:\/\/www.tesmatic.com\/fr\/product\/epmatic-2\/\" \/>\n<meta property=\"og:site_name\" content=\"Tesmatic\" \/>\n<meta property=\"article:publisher\" content=\"https:\/\/www.facebook.com\/Tesmatic-885354095134707\" \/>\n<meta property=\"og:image\" content=\"https:\/\/www.tesmatic.com\/wp-content\/uploads\/2018\/12\/product-epmatic.png\" \/>\n\t<meta property=\"og:image:width\" content=\"600\" \/>\n\t<meta property=\"og:image:height\" content=\"600\" \/>\n\t<meta property=\"og:image:type\" content=\"image\/png\" \/>\n<meta name=\"twitter:card\" content=\"summary_large_image\" \/>\n<meta name=\"twitter:label1\" content=\"Dur\u00e9e de lecture estim\u00e9e\" \/>\n\t<meta name=\"twitter:data1\" content=\"2 minutes\" \/>\n<script type=\"application\/ld+json\" class=\"yoast-schema-graph\">{\"@context\":\"https:\\\/\\\/schema.org\",\"@graph\":[{\"@type\":\"WebPage\",\"@id\":\"https:\\\/\\\/www.tesmatic.com\\\/fr\\\/product\\\/epmatic-2\\\/\",\"url\":\"https:\\\/\\\/www.tesmatic.com\\\/fr\\\/product\\\/epmatic-2\\\/\",\"name\":\"EPMatic - Tesmatic\",\"isPartOf\":{\"@id\":\"https:\\\/\\\/www.tesmatic.com\\\/fr\\\/#website\"},\"primaryImageOfPage\":{\"@id\":\"https:\\\/\\\/www.tesmatic.com\\\/fr\\\/product\\\/epmatic-2\\\/#primaryimage\"},\"image\":{\"@id\":\"https:\\\/\\\/www.tesmatic.com\\\/fr\\\/product\\\/epmatic-2\\\/#primaryimage\"},\"thumbnailUrl\":\"https:\\\/\\\/www.tesmatic.com\\\/wp-content\\\/uploads\\\/2018\\\/12\\\/tesmatic_epmatic_product.png\",\"datePublished\":\"2022-02-21T20:21:55+00:00\",\"breadcrumb\":{\"@id\":\"https:\\\/\\\/www.tesmatic.com\\\/fr\\\/product\\\/epmatic-2\\\/#breadcrumb\"},\"inLanguage\":\"fr-FR\",\"potentialAction\":[{\"@type\":\"ReadAction\",\"target\":[\"https:\\\/\\\/www.tesmatic.com\\\/fr\\\/product\\\/epmatic-2\\\/\"]}]},{\"@type\":\"ImageObject\",\"inLanguage\":\"fr-FR\",\"@id\":\"https:\\\/\\\/www.tesmatic.com\\\/fr\\\/product\\\/epmatic-2\\\/#primaryimage\",\"url\":\"https:\\\/\\\/www.tesmatic.com\\\/wp-content\\\/uploads\\\/2018\\\/12\\\/tesmatic_epmatic_product.png\",\"contentUrl\":\"https:\\\/\\\/www.tesmatic.com\\\/wp-content\\\/uploads\\\/2018\\\/12\\\/tesmatic_epmatic_product.png\",\"width\":600,\"height\":600},{\"@type\":\"BreadcrumbList\",\"@id\":\"https:\\\/\\\/www.tesmatic.com\\\/fr\\\/product\\\/epmatic-2\\\/#breadcrumb\",\"itemListElement\":[{\"@type\":\"ListItem\",\"position\":1,\"name\":\"Home\",\"item\":\"https:\\\/\\\/www.tesmatic.com\\\/fr\\\/\"},{\"@type\":\"ListItem\",\"position\":2,\"name\":\"Produits\",\"item\":\"https:\\\/\\\/www.tesmatic.com\\\/fr\\\/solutions\\\/\"},{\"@type\":\"ListItem\",\"position\":3,\"name\":\"EPMatic\"}]},{\"@type\":\"WebSite\",\"@id\":\"https:\\\/\\\/www.tesmatic.com\\\/fr\\\/#website\",\"url\":\"https:\\\/\\\/www.tesmatic.com\\\/fr\\\/\",\"name\":\"Tesmatic\",\"description\":\"Mobile scales on hand pallet, warehouse and forklift trucks\",\"publisher\":{\"@id\":\"https:\\\/\\\/www.tesmatic.com\\\/fr\\\/#organization\"},\"potentialAction\":[{\"@type\":\"SearchAction\",\"target\":{\"@type\":\"EntryPoint\",\"urlTemplate\":\"https:\\\/\\\/www.tesmatic.com\\\/fr\\\/?s={search_term_string}\"},\"query-input\":{\"@type\":\"PropertyValueSpecification\",\"valueRequired\":true,\"valueName\":\"search_term_string\"}}],\"inLanguage\":\"fr-FR\"},{\"@type\":\"Organization\",\"@id\":\"https:\\\/\\\/www.tesmatic.com\\\/fr\\\/#organization\",\"name\":\"Tesmatic\",\"url\":\"https:\\\/\\\/www.tesmatic.com\\\/fr\\\/\",\"logo\":{\"@type\":\"ImageObject\",\"inLanguage\":\"fr-FR\",\"@id\":\"https:\\\/\\\/www.tesmatic.com\\\/fr\\\/#\\\/schema\\\/logo\\\/image\\\/\",\"url\":\"https:\\\/\\\/www.tesmatic.com\\\/wp-content\\\/uploads\\\/2021\\\/07\\\/tesmatic_logo_final.jpg\",\"contentUrl\":\"https:\\\/\\\/www.tesmatic.com\\\/wp-content\\\/uploads\\\/2021\\\/07\\\/tesmatic_logo_final.jpg\",\"width\":380,\"height\":164,\"caption\":\"Tesmatic\"},\"image\":{\"@id\":\"https:\\\/\\\/www.tesmatic.com\\\/fr\\\/#\\\/schema\\\/logo\\\/image\\\/\"},\"sameAs\":[\"https:\\\/\\\/www.facebook.com\\\/Tesmatic-885354095134707\"]}]}<\/script>\n<!-- \/ Yoast SEO plugin. -->","yoast_head_json":{"title":"EPMatic - Tesmatic","robots":{"index":"index","follow":"follow","max-snippet":"max-snippet:-1","max-image-preview":"max-image-preview:large","max-video-preview":"max-video-preview:-1"},"canonical":"https:\/\/www.tesmatic.com\/fr\/product\/epmatic-2\/","og_locale":"fr_FR","og_type":"article","og_title":"EPMatic - Tesmatic","og_description":"Conversion d\u2019un transpalette \u00e9lectrique en syst\u00e8me de pesage mobile.","og_url":"https:\/\/www.tesmatic.com\/fr\/product\/epmatic-2\/","og_site_name":"Tesmatic","article_publisher":"https:\/\/www.facebook.com\/Tesmatic-885354095134707","og_image":[{"width":600,"height":600,"url":"https:\/\/www.tesmatic.com\/wp-content\/uploads\/2018\/12\/product-epmatic.png","type":"image\/png"}],"twitter_card":"summary_large_image","twitter_misc":{"Dur\u00e9e de lecture estim\u00e9e":"2 minutes"},"schema":{"@context":"https:\/\/schema.org","@graph":[{"@type":"WebPage","@id":"https:\/\/www.tesmatic.com\/fr\/product\/epmatic-2\/","url":"https:\/\/www.tesmatic.com\/fr\/product\/epmatic-2\/","name":"EPMatic - Tesmatic","isPartOf":{"@id":"https:\/\/www.tesmatic.com\/fr\/#website"},"primaryImageOfPage":{"@id":"https:\/\/www.tesmatic.com\/fr\/product\/epmatic-2\/#primaryimage"},"image":{"@id":"https:\/\/www.tesmatic.com\/fr\/product\/epmatic-2\/#primaryimage"},"thumbnailUrl":"https:\/\/www.tesmatic.com\/wp-content\/uploads\/2018\/12\/tesmatic_epmatic_product.png","datePublished":"2022-02-21T20:21:55+00:00","breadcrumb":{"@id":"https:\/\/www.tesmatic.com\/fr\/product\/epmatic-2\/#breadcrumb"},"inLanguage":"fr-FR","potentialAction":[{"@type":"ReadAction","target":["https:\/\/www.tesmatic.com\/fr\/product\/epmatic-2\/"]}]},{"@type":"ImageObject","inLanguage":"fr-FR","@id":"https:\/\/www.tesmatic.com\/fr\/product\/epmatic-2\/#primaryimage","url":"https:\/\/www.tesmatic.com\/wp-content\/uploads\/2018\/12\/tesmatic_epmatic_product.png","contentUrl":"https:\/\/www.tesmatic.com\/wp-content\/uploads\/2018\/12\/tesmatic_epmatic_product.png","width":600,"height":600},{"@type":"BreadcrumbList","@id":"https:\/\/www.tesmatic.com\/fr\/product\/epmatic-2\/#breadcrumb","itemListElement":[{"@type":"ListItem","position":1,"name":"Home","item":"https:\/\/www.tesmatic.com\/fr\/"},{"@type":"ListItem","position":2,"name":"Produits","item":"https:\/\/www.tesmatic.com\/fr\/solutions\/"},{"@type":"ListItem","position":3,"name":"EPMatic"}]},{"@type":"WebSite","@id":"https:\/\/www.tesmatic.com\/fr\/#website","url":"https:\/\/www.tesmatic.com\/fr\/","name":"Tesmatic","description":"Mobile scales on hand pallet, warehouse and forklift trucks","publisher":{"@id":"https:\/\/www.tesmatic.com\/fr\/#organization"},"potentialAction":[{"@type":"SearchAction","target":{"@type":"EntryPoint","urlTemplate":"https:\/\/www.tesmatic.com\/fr\/?s={search_term_string}"},"query-input":{"@type":"PropertyValueSpecification","valueRequired":true,"valueName":"search_term_string"}}],"inLanguage":"fr-FR"},{"@type":"Organization","@id":"https:\/\/www.tesmatic.com\/fr\/#organization","name":"Tesmatic","url":"https:\/\/www.tesmatic.com\/fr\/","logo":{"@type":"ImageObject","inLanguage":"fr-FR","@id":"https:\/\/www.tesmatic.com\/fr\/#\/schema\/logo\/image\/","url":"https:\/\/www.tesmatic.com\/wp-content\/uploads\/2021\/07\/tesmatic_logo_final.jpg","contentUrl":"https:\/\/www.tesmatic.com\/wp-content\/uploads\/2021\/07\/tesmatic_logo_final.jpg","width":380,"height":164,"caption":"Tesmatic"},"image":{"@id":"https:\/\/www.tesmatic.com\/fr\/#\/schema\/logo\/image\/"},"sameAs":["https:\/\/www.facebook.com\/Tesmatic-885354095134707"]}]}},"_links":{"self":[{"href":"https:\/\/www.tesmatic.com\/fr\/wp-json\/wp\/v2\/product\/12502","targetHints":{"allow":["GET"]}}],"collection":[{"href":"https:\/\/www.tesmatic.com\/fr\/wp-json\/wp\/v2\/product"}],"about":[{"href":"https:\/\/www.tesmatic.com\/fr\/wp-json\/wp\/v2\/types\/product"}],"version-history":[{"count":0,"href":"https:\/\/www.tesmatic.com\/fr\/wp-json\/wp\/v2\/product\/12502\/revisions"}],"wp:featuredmedia":[{"embeddable":true,"href":"https:\/\/www.tesmatic.com\/fr\/wp-json\/wp\/v2\/media\/14351"}],"wp:attachment":[{"href":"https:\/\/www.tesmatic.com\/fr\/wp-json\/wp\/v2\/media?parent=12502"}],"wp:term":[{"taxonomy":"product_brand","embeddable":true,"href":"https:\/\/www.tesmatic.com\/fr\/wp-json\/wp\/v2\/product_brand?post=12502"},{"taxonomy":"product_cat","embeddable":true,"href":"https:\/\/www.tesmatic.com\/fr\/wp-json\/wp\/v2\/product_cat?post=12502"},{"taxonomy":"product_tag","embeddable":true,"href":"https:\/\/www.tesmatic.com\/fr\/wp-json\/wp\/v2\/product_tag?post=12502"}],"curies":[{"name":"wp","href":"https:\/\/api.w.org\/{rel}","templated":true}]}}