{"id":12506,"date":"2018-12-10T14:48:52","date_gmt":"2022-02-23T22:21:10","guid":{"rendered":"https:\/\/www.tesmatic.com\/product\/databox\/"},"modified":"2022-02-23T22:21:10","modified_gmt":"2022-02-23T22:21:10","slug":"databox-2","status":"publish","type":"product","link":"https:\/\/www.tesmatic.com\/fr\/product\/databox-2\/","title":{"rendered":"Databox"},"content":{"rendered":"<p>Le <strong>Databox<\/strong> stocke les r\u00e9sultats de pesage des syst\u00e8mes de pesage mobile TESMATIC et permet le t\u00e9l\u00e9chargement de donn\u00e9es via une interface web au format CSV.<br \/>\nLe <strong>Databox<\/strong> cr\u00e9e un transfert de donn\u00e9es s\u00e9curis\u00e9 vers le syst\u00e8me ERP ou WMS de l\u2019entreprise par une connexion Wi-Fi ou Bluetooth.<\/p>\n<p><strong><div class=\"mkdf-separator-holder clearfix  mkdf-separator-center mkdf-separator-full-width\">\n\t<div class=\"mkdf-separator\" ><\/div>\n<\/div>\n<\/strong><\/p>\n","protected":false},"excerpt":{"rendered":"<p>Le <strong>Databox<\/strong> stocke les r\u00e9sultats de pesage des syst\u00e8mes de pesage mobile TESMATIC et permet le t\u00e9l\u00e9chargement de donn\u00e9es via une interface web au format CSV. Le <strong>Databox<\/strong> cr\u00e9e un transfert de donn\u00e9es s\u00e9curis\u00e9 vers le syst\u00e8me ERP ou WMS de l\u2019entreprise par une connexion Wi-Fi ou Bluetooth.<\/p>\n","protected":false},"featured_media":14370,"template":"","meta":{"inline_featured_image":false},"product_brand":[],"product_cat":[210],"product_tag":[],"class_list":{"0":"post-12506","1":"product","2":"type-product","3":"status-publish","4":"has-post-thumbnail","6":"product_cat-sem-categoria-fr","8":"first","9":"instock","10":"shipping-taxable","11":"product-type-simple"},"yoast_head":"<!-- This site is optimized with the Yoast SEO plugin v27.5 - https:\/\/yoast.com\/product\/yoast-seo-wordpress\/ -->\n<title>Databox - Tesmatic<\/title>\n<meta name=\"robots\" content=\"index, follow, max-snippet:-1, max-image-preview:large, max-video-preview:-1\" \/>\n<link rel=\"canonical\" href=\"https:\/\/www.tesmatic.com\/fr\/product\/databox-2\/\" \/>\n<meta property=\"og:locale\" content=\"fr_FR\" \/>\n<meta property=\"og:type\" content=\"article\" \/>\n<meta property=\"og:title\" content=\"Databox - Tesmatic\" \/>\n<meta property=\"og:description\" content=\"Le Databox stocke les r\u00e9sultats de pesage des syst\u00e8mes de pesage mobile TESMATIC et permet le t\u00e9l\u00e9chargement de donn\u00e9es via une interface web au format CSV. Le Databox cr\u00e9e un transfert de donn\u00e9es s\u00e9curis\u00e9 vers le syst\u00e8me ERP ou WMS de l\u2019entreprise par une connexion Wi-Fi ou Bluetooth.\" \/>\n<meta property=\"og:url\" content=\"https:\/\/www.tesmatic.com\/fr\/product\/databox-2\/\" \/>\n<meta property=\"og:site_name\" content=\"Tesmatic\" \/>\n<meta property=\"article:publisher\" content=\"https:\/\/www.facebook.com\/Tesmatic-885354095134707\" \/>\n<meta property=\"og:image\" content=\"https:\/\/www.tesmatic.com\/wp-content\/uploads\/2018\/12\/databox1.jpeg\" \/>\n\t<meta property=\"og:image:width\" content=\"600\" \/>\n\t<meta property=\"og:image:height\" content=\"600\" \/>\n\t<meta property=\"og:image:type\" content=\"image\/jpeg\" \/>\n<meta name=\"twitter:card\" content=\"summary_large_image\" \/>\n<script type=\"application\/ld+json\" class=\"yoast-schema-graph\">{\"@context\":\"https:\\\/\\\/schema.org\",\"@graph\":[{\"@type\":\"WebPage\",\"@id\":\"https:\\\/\\\/www.tesmatic.com\\\/fr\\\/product\\\/databox-2\\\/\",\"url\":\"https:\\\/\\\/www.tesmatic.com\\\/fr\\\/product\\\/databox-2\\\/\",\"name\":\"Databox - Tesmatic\",\"isPartOf\":{\"@id\":\"https:\\\/\\\/www.tesmatic.com\\\/fr\\\/#website\"},\"primaryImageOfPage\":{\"@id\":\"https:\\\/\\\/www.tesmatic.com\\\/fr\\\/product\\\/databox-2\\\/#primaryimage\"},\"image\":{\"@id\":\"https:\\\/\\\/www.tesmatic.com\\\/fr\\\/product\\\/databox-2\\\/#primaryimage\"},\"thumbnailUrl\":\"https:\\\/\\\/www.tesmatic.com\\\/wp-content\\\/uploads\\\/2018\\\/12\\\/tesmatic_databox.png\",\"datePublished\":\"2022-02-23T22:21:10+00:00\",\"breadcrumb\":{\"@id\":\"https:\\\/\\\/www.tesmatic.com\\\/fr\\\/product\\\/databox-2\\\/#breadcrumb\"},\"inLanguage\":\"fr-FR\",\"potentialAction\":[{\"@type\":\"ReadAction\",\"target\":[\"https:\\\/\\\/www.tesmatic.com\\\/fr\\\/product\\\/databox-2\\\/\"]}]},{\"@type\":\"ImageObject\",\"inLanguage\":\"fr-FR\",\"@id\":\"https:\\\/\\\/www.tesmatic.com\\\/fr\\\/product\\\/databox-2\\\/#primaryimage\",\"url\":\"https:\\\/\\\/www.tesmatic.com\\\/wp-content\\\/uploads\\\/2018\\\/12\\\/tesmatic_databox.png\",\"contentUrl\":\"https:\\\/\\\/www.tesmatic.com\\\/wp-content\\\/uploads\\\/2018\\\/12\\\/tesmatic_databox.png\",\"width\":600,\"height\":600},{\"@type\":\"BreadcrumbList\",\"@id\":\"https:\\\/\\\/www.tesmatic.com\\\/fr\\\/product\\\/databox-2\\\/#breadcrumb\",\"itemListElement\":[{\"@type\":\"ListItem\",\"position\":1,\"name\":\"Home\",\"item\":\"https:\\\/\\\/www.tesmatic.com\\\/fr\\\/\"},{\"@type\":\"ListItem\",\"position\":2,\"name\":\"Produits\",\"item\":\"https:\\\/\\\/www.tesmatic.com\\\/fr\\\/solutions\\\/\"},{\"@type\":\"ListItem\",\"position\":3,\"name\":\"Databox\"}]},{\"@type\":\"WebSite\",\"@id\":\"https:\\\/\\\/www.tesmatic.com\\\/fr\\\/#website\",\"url\":\"https:\\\/\\\/www.tesmatic.com\\\/fr\\\/\",\"name\":\"Tesmatic\",\"description\":\"Mobile scales on hand pallet, warehouse and forklift trucks\",\"publisher\":{\"@id\":\"https:\\\/\\\/www.tesmatic.com\\\/fr\\\/#organization\"},\"potentialAction\":[{\"@type\":\"SearchAction\",\"target\":{\"@type\":\"EntryPoint\",\"urlTemplate\":\"https:\\\/\\\/www.tesmatic.com\\\/fr\\\/?s={search_term_string}\"},\"query-input\":{\"@type\":\"PropertyValueSpecification\",\"valueRequired\":true,\"valueName\":\"search_term_string\"}}],\"inLanguage\":\"fr-FR\"},{\"@type\":\"Organization\",\"@id\":\"https:\\\/\\\/www.tesmatic.com\\\/fr\\\/#organization\",\"name\":\"Tesmatic\",\"url\":\"https:\\\/\\\/www.tesmatic.com\\\/fr\\\/\",\"logo\":{\"@type\":\"ImageObject\",\"inLanguage\":\"fr-FR\",\"@id\":\"https:\\\/\\\/www.tesmatic.com\\\/fr\\\/#\\\/schema\\\/logo\\\/image\\\/\",\"url\":\"https:\\\/\\\/www.tesmatic.com\\\/wp-content\\\/uploads\\\/2021\\\/07\\\/tesmatic_logo_final.jpg\",\"contentUrl\":\"https:\\\/\\\/www.tesmatic.com\\\/wp-content\\\/uploads\\\/2021\\\/07\\\/tesmatic_logo_final.jpg\",\"width\":380,\"height\":164,\"caption\":\"Tesmatic\"},\"image\":{\"@id\":\"https:\\\/\\\/www.tesmatic.com\\\/fr\\\/#\\\/schema\\\/logo\\\/image\\\/\"},\"sameAs\":[\"https:\\\/\\\/www.facebook.com\\\/Tesmatic-885354095134707\"]}]}<\/script>\n<!-- \/ Yoast SEO plugin. -->","yoast_head_json":{"title":"Databox - Tesmatic","robots":{"index":"index","follow":"follow","max-snippet":"max-snippet:-1","max-image-preview":"max-image-preview:large","max-video-preview":"max-video-preview:-1"},"canonical":"https:\/\/www.tesmatic.com\/fr\/product\/databox-2\/","og_locale":"fr_FR","og_type":"article","og_title":"Databox - Tesmatic","og_description":"Le Databox stocke les r\u00e9sultats de pesage des syst\u00e8mes de pesage mobile TESMATIC et permet le t\u00e9l\u00e9chargement de donn\u00e9es via une interface web au format CSV. Le Databox cr\u00e9e un transfert de donn\u00e9es s\u00e9curis\u00e9 vers le syst\u00e8me ERP ou WMS de l\u2019entreprise par une connexion Wi-Fi ou Bluetooth.","og_url":"https:\/\/www.tesmatic.com\/fr\/product\/databox-2\/","og_site_name":"Tesmatic","article_publisher":"https:\/\/www.facebook.com\/Tesmatic-885354095134707","og_image":[{"width":600,"height":600,"url":"https:\/\/www.tesmatic.com\/wp-content\/uploads\/2018\/12\/databox1.jpeg","type":"image\/jpeg"}],"twitter_card":"summary_large_image","schema":{"@context":"https:\/\/schema.org","@graph":[{"@type":"WebPage","@id":"https:\/\/www.tesmatic.com\/fr\/product\/databox-2\/","url":"https:\/\/www.tesmatic.com\/fr\/product\/databox-2\/","name":"Databox - Tesmatic","isPartOf":{"@id":"https:\/\/www.tesmatic.com\/fr\/#website"},"primaryImageOfPage":{"@id":"https:\/\/www.tesmatic.com\/fr\/product\/databox-2\/#primaryimage"},"image":{"@id":"https:\/\/www.tesmatic.com\/fr\/product\/databox-2\/#primaryimage"},"thumbnailUrl":"https:\/\/www.tesmatic.com\/wp-content\/uploads\/2018\/12\/tesmatic_databox.png","datePublished":"2022-02-23T22:21:10+00:00","breadcrumb":{"@id":"https:\/\/www.tesmatic.com\/fr\/product\/databox-2\/#breadcrumb"},"inLanguage":"fr-FR","potentialAction":[{"@type":"ReadAction","target":["https:\/\/www.tesmatic.com\/fr\/product\/databox-2\/"]}]},{"@type":"ImageObject","inLanguage":"fr-FR","@id":"https:\/\/www.tesmatic.com\/fr\/product\/databox-2\/#primaryimage","url":"https:\/\/www.tesmatic.com\/wp-content\/uploads\/2018\/12\/tesmatic_databox.png","contentUrl":"https:\/\/www.tesmatic.com\/wp-content\/uploads\/2018\/12\/tesmatic_databox.png","width":600,"height":600},{"@type":"BreadcrumbList","@id":"https:\/\/www.tesmatic.com\/fr\/product\/databox-2\/#breadcrumb","itemListElement":[{"@type":"ListItem","position":1,"name":"Home","item":"https:\/\/www.tesmatic.com\/fr\/"},{"@type":"ListItem","position":2,"name":"Produits","item":"https:\/\/www.tesmatic.com\/fr\/solutions\/"},{"@type":"ListItem","position":3,"name":"Databox"}]},{"@type":"WebSite","@id":"https:\/\/www.tesmatic.com\/fr\/#website","url":"https:\/\/www.tesmatic.com\/fr\/","name":"Tesmatic","description":"Mobile scales on hand pallet, warehouse and forklift trucks","publisher":{"@id":"https:\/\/www.tesmatic.com\/fr\/#organization"},"potentialAction":[{"@type":"SearchAction","target":{"@type":"EntryPoint","urlTemplate":"https:\/\/www.tesmatic.com\/fr\/?s={search_term_string}"},"query-input":{"@type":"PropertyValueSpecification","valueRequired":true,"valueName":"search_term_string"}}],"inLanguage":"fr-FR"},{"@type":"Organization","@id":"https:\/\/www.tesmatic.com\/fr\/#organization","name":"Tesmatic","url":"https:\/\/www.tesmatic.com\/fr\/","logo":{"@type":"ImageObject","inLanguage":"fr-FR","@id":"https:\/\/www.tesmatic.com\/fr\/#\/schema\/logo\/image\/","url":"https:\/\/www.tesmatic.com\/wp-content\/uploads\/2021\/07\/tesmatic_logo_final.jpg","contentUrl":"https:\/\/www.tesmatic.com\/wp-content\/uploads\/2021\/07\/tesmatic_logo_final.jpg","width":380,"height":164,"caption":"Tesmatic"},"image":{"@id":"https:\/\/www.tesmatic.com\/fr\/#\/schema\/logo\/image\/"},"sameAs":["https:\/\/www.facebook.com\/Tesmatic-885354095134707"]}]}},"_links":{"self":[{"href":"https:\/\/www.tesmatic.com\/fr\/wp-json\/wp\/v2\/product\/12506","targetHints":{"allow":["GET"]}}],"collection":[{"href":"https:\/\/www.tesmatic.com\/fr\/wp-json\/wp\/v2\/product"}],"about":[{"href":"https:\/\/www.tesmatic.com\/fr\/wp-json\/wp\/v2\/types\/product"}],"version-history":[{"count":0,"href":"https:\/\/www.tesmatic.com\/fr\/wp-json\/wp\/v2\/product\/12506\/revisions"}],"wp:featuredmedia":[{"embeddable":true,"href":"https:\/\/www.tesmatic.com\/fr\/wp-json\/wp\/v2\/media\/14370"}],"wp:attachment":[{"href":"https:\/\/www.tesmatic.com\/fr\/wp-json\/wp\/v2\/media?parent=12506"}],"wp:term":[{"taxonomy":"product_brand","embeddable":true,"href":"https:\/\/www.tesmatic.com\/fr\/wp-json\/wp\/v2\/product_brand?post=12506"},{"taxonomy":"product_cat","embeddable":true,"href":"https:\/\/www.tesmatic.com\/fr\/wp-json\/wp\/v2\/product_cat?post=12506"},{"taxonomy":"product_tag","embeddable":true,"href":"https:\/\/www.tesmatic.com\/fr\/wp-json\/wp\/v2\/product_tag?post=12506"}],"curies":[{"name":"wp","href":"https:\/\/api.w.org\/{rel}","templated":true}]}}