{"id":12508,"date":"2021-08-04T00:18:35","date_gmt":"2022-02-23T22:36:12","guid":{"rendered":"https:\/\/www.tesmatic.com\/product\/printmatic\/"},"modified":"2022-02-23T22:36:12","modified_gmt":"2022-02-23T22:36:12","slug":"printmatic-2","status":"publish","type":"product","link":"https:\/\/www.tesmatic.com\/fr\/product\/printmatic-2\/","title":{"rendered":"PrintMatic"},"content":{"rendered":"<p><strong>PrintMatic<\/strong> est une imprimante thermique compacte sur mesure pour des applications de pes\u00e9e mobiles et pr\u00e9par\u00e9e pour un montage dans des v\u00e9hicules et des environnements industriels.<\/p>\n<p>Alimentation \u00e9lectrique directement \u00e0 partir de l\u2019indicateur de pes\u00e9e. L\u2019imprimante fournit des tickets de pesage rapides et silencieux sur du papier d\u2019imprimante thermique ou adh\u00e9sif thermique standard avec des impressions \u00e0 haute r\u00e9solution de l\u2019heure et de la date, du poids brut, de la tare et du poids net en chiffres et en code-barres.<\/p>\n","protected":false},"excerpt":{"rendered":"<p><strong>PrintMatic<\/strong> est une imprimante thermique compacte con\u00e7ue pour les applications de pesage mobiles et le montage de v\u00e9hicule qui fournit des tickets de pesage rapides et silencieux.<\/p>\n","protected":false},"featured_media":14376,"template":"","meta":{"inline_featured_image":false},"product_brand":[],"product_cat":[210],"product_tag":[],"class_list":{"0":"post-12508","1":"product","2":"type-product","3":"status-publish","4":"has-post-thumbnail","6":"product_cat-sem-categoria-fr","8":"first","9":"instock","10":"sold-individually","11":"shipping-taxable","12":"product-type-simple"},"yoast_head":"<!-- This site is optimized with the Yoast SEO plugin v27.5 - https:\/\/yoast.com\/product\/yoast-seo-wordpress\/ -->\n<title>PrintMatic - Tesmatic<\/title>\n<meta name=\"robots\" content=\"index, follow, max-snippet:-1, max-image-preview:large, max-video-preview:-1\" \/>\n<link rel=\"canonical\" href=\"https:\/\/www.tesmatic.com\/fr\/product\/printmatic-2\/\" \/>\n<meta property=\"og:locale\" content=\"fr_FR\" \/>\n<meta property=\"og:type\" content=\"article\" \/>\n<meta property=\"og:title\" content=\"PrintMatic - Tesmatic\" \/>\n<meta property=\"og:description\" content=\"PrintMatic est une imprimante thermique compacte con\u00e7ue pour les applications de pesage mobiles et le montage de v\u00e9hicule qui fournit des tickets de pesage rapides et silencieux.\" \/>\n<meta property=\"og:url\" content=\"https:\/\/www.tesmatic.com\/fr\/product\/printmatic-2\/\" \/>\n<meta property=\"og:site_name\" content=\"Tesmatic\" \/>\n<meta property=\"article:publisher\" content=\"https:\/\/www.facebook.com\/Tesmatic-885354095134707\" \/>\n<meta property=\"og:image\" content=\"https:\/\/www.tesmatic.com\/wp-content\/uploads\/2021\/08\/printmatic.jpg\" \/>\n\t<meta property=\"og:image:width\" content=\"600\" \/>\n\t<meta property=\"og:image:height\" content=\"600\" \/>\n\t<meta property=\"og:image:type\" content=\"image\/jpeg\" \/>\n<meta name=\"twitter:card\" content=\"summary_large_image\" \/>\n<script type=\"application\/ld+json\" class=\"yoast-schema-graph\">{\"@context\":\"https:\\\/\\\/schema.org\",\"@graph\":[{\"@type\":\"WebPage\",\"@id\":\"https:\\\/\\\/www.tesmatic.com\\\/fr\\\/product\\\/printmatic-2\\\/\",\"url\":\"https:\\\/\\\/www.tesmatic.com\\\/fr\\\/product\\\/printmatic-2\\\/\",\"name\":\"PrintMatic - Tesmatic\",\"isPartOf\":{\"@id\":\"https:\\\/\\\/www.tesmatic.com\\\/fr\\\/#website\"},\"primaryImageOfPage\":{\"@id\":\"https:\\\/\\\/www.tesmatic.com\\\/fr\\\/product\\\/printmatic-2\\\/#primaryimage\"},\"image\":{\"@id\":\"https:\\\/\\\/www.tesmatic.com\\\/fr\\\/product\\\/printmatic-2\\\/#primaryimage\"},\"thumbnailUrl\":\"https:\\\/\\\/www.tesmatic.com\\\/wp-content\\\/uploads\\\/2021\\\/08\\\/tesmatic_printmatic.png\",\"datePublished\":\"2022-02-23T22:36:12+00:00\",\"breadcrumb\":{\"@id\":\"https:\\\/\\\/www.tesmatic.com\\\/fr\\\/product\\\/printmatic-2\\\/#breadcrumb\"},\"inLanguage\":\"fr-FR\",\"potentialAction\":[{\"@type\":\"ReadAction\",\"target\":[\"https:\\\/\\\/www.tesmatic.com\\\/fr\\\/product\\\/printmatic-2\\\/\"]}]},{\"@type\":\"ImageObject\",\"inLanguage\":\"fr-FR\",\"@id\":\"https:\\\/\\\/www.tesmatic.com\\\/fr\\\/product\\\/printmatic-2\\\/#primaryimage\",\"url\":\"https:\\\/\\\/www.tesmatic.com\\\/wp-content\\\/uploads\\\/2021\\\/08\\\/tesmatic_printmatic.png\",\"contentUrl\":\"https:\\\/\\\/www.tesmatic.com\\\/wp-content\\\/uploads\\\/2021\\\/08\\\/tesmatic_printmatic.png\",\"width\":600,\"height\":600},{\"@type\":\"BreadcrumbList\",\"@id\":\"https:\\\/\\\/www.tesmatic.com\\\/fr\\\/product\\\/printmatic-2\\\/#breadcrumb\",\"itemListElement\":[{\"@type\":\"ListItem\",\"position\":1,\"name\":\"Home\",\"item\":\"https:\\\/\\\/www.tesmatic.com\\\/fr\\\/\"},{\"@type\":\"ListItem\",\"position\":2,\"name\":\"Produits\",\"item\":\"https:\\\/\\\/www.tesmatic.com\\\/fr\\\/solutions\\\/\"},{\"@type\":\"ListItem\",\"position\":3,\"name\":\"PrintMatic\"}]},{\"@type\":\"WebSite\",\"@id\":\"https:\\\/\\\/www.tesmatic.com\\\/fr\\\/#website\",\"url\":\"https:\\\/\\\/www.tesmatic.com\\\/fr\\\/\",\"name\":\"Tesmatic\",\"description\":\"Mobile scales on hand pallet, warehouse and forklift trucks\",\"publisher\":{\"@id\":\"https:\\\/\\\/www.tesmatic.com\\\/fr\\\/#organization\"},\"potentialAction\":[{\"@type\":\"SearchAction\",\"target\":{\"@type\":\"EntryPoint\",\"urlTemplate\":\"https:\\\/\\\/www.tesmatic.com\\\/fr\\\/?s={search_term_string}\"},\"query-input\":{\"@type\":\"PropertyValueSpecification\",\"valueRequired\":true,\"valueName\":\"search_term_string\"}}],\"inLanguage\":\"fr-FR\"},{\"@type\":\"Organization\",\"@id\":\"https:\\\/\\\/www.tesmatic.com\\\/fr\\\/#organization\",\"name\":\"Tesmatic\",\"url\":\"https:\\\/\\\/www.tesmatic.com\\\/fr\\\/\",\"logo\":{\"@type\":\"ImageObject\",\"inLanguage\":\"fr-FR\",\"@id\":\"https:\\\/\\\/www.tesmatic.com\\\/fr\\\/#\\\/schema\\\/logo\\\/image\\\/\",\"url\":\"https:\\\/\\\/www.tesmatic.com\\\/wp-content\\\/uploads\\\/2021\\\/07\\\/tesmatic_logo_final.jpg\",\"contentUrl\":\"https:\\\/\\\/www.tesmatic.com\\\/wp-content\\\/uploads\\\/2021\\\/07\\\/tesmatic_logo_final.jpg\",\"width\":380,\"height\":164,\"caption\":\"Tesmatic\"},\"image\":{\"@id\":\"https:\\\/\\\/www.tesmatic.com\\\/fr\\\/#\\\/schema\\\/logo\\\/image\\\/\"},\"sameAs\":[\"https:\\\/\\\/www.facebook.com\\\/Tesmatic-885354095134707\"]}]}<\/script>\n<!-- \/ Yoast SEO plugin. -->","yoast_head_json":{"title":"PrintMatic - Tesmatic","robots":{"index":"index","follow":"follow","max-snippet":"max-snippet:-1","max-image-preview":"max-image-preview:large","max-video-preview":"max-video-preview:-1"},"canonical":"https:\/\/www.tesmatic.com\/fr\/product\/printmatic-2\/","og_locale":"fr_FR","og_type":"article","og_title":"PrintMatic - Tesmatic","og_description":"PrintMatic est une imprimante thermique compacte con\u00e7ue pour les applications de pesage mobiles et le montage de v\u00e9hicule qui fournit des tickets de pesage rapides et silencieux.","og_url":"https:\/\/www.tesmatic.com\/fr\/product\/printmatic-2\/","og_site_name":"Tesmatic","article_publisher":"https:\/\/www.facebook.com\/Tesmatic-885354095134707","og_image":[{"width":600,"height":600,"url":"https:\/\/www.tesmatic.com\/wp-content\/uploads\/2021\/08\/printmatic.jpg","type":"image\/jpeg"}],"twitter_card":"summary_large_image","schema":{"@context":"https:\/\/schema.org","@graph":[{"@type":"WebPage","@id":"https:\/\/www.tesmatic.com\/fr\/product\/printmatic-2\/","url":"https:\/\/www.tesmatic.com\/fr\/product\/printmatic-2\/","name":"PrintMatic - Tesmatic","isPartOf":{"@id":"https:\/\/www.tesmatic.com\/fr\/#website"},"primaryImageOfPage":{"@id":"https:\/\/www.tesmatic.com\/fr\/product\/printmatic-2\/#primaryimage"},"image":{"@id":"https:\/\/www.tesmatic.com\/fr\/product\/printmatic-2\/#primaryimage"},"thumbnailUrl":"https:\/\/www.tesmatic.com\/wp-content\/uploads\/2021\/08\/tesmatic_printmatic.png","datePublished":"2022-02-23T22:36:12+00:00","breadcrumb":{"@id":"https:\/\/www.tesmatic.com\/fr\/product\/printmatic-2\/#breadcrumb"},"inLanguage":"fr-FR","potentialAction":[{"@type":"ReadAction","target":["https:\/\/www.tesmatic.com\/fr\/product\/printmatic-2\/"]}]},{"@type":"ImageObject","inLanguage":"fr-FR","@id":"https:\/\/www.tesmatic.com\/fr\/product\/printmatic-2\/#primaryimage","url":"https:\/\/www.tesmatic.com\/wp-content\/uploads\/2021\/08\/tesmatic_printmatic.png","contentUrl":"https:\/\/www.tesmatic.com\/wp-content\/uploads\/2021\/08\/tesmatic_printmatic.png","width":600,"height":600},{"@type":"BreadcrumbList","@id":"https:\/\/www.tesmatic.com\/fr\/product\/printmatic-2\/#breadcrumb","itemListElement":[{"@type":"ListItem","position":1,"name":"Home","item":"https:\/\/www.tesmatic.com\/fr\/"},{"@type":"ListItem","position":2,"name":"Produits","item":"https:\/\/www.tesmatic.com\/fr\/solutions\/"},{"@type":"ListItem","position":3,"name":"PrintMatic"}]},{"@type":"WebSite","@id":"https:\/\/www.tesmatic.com\/fr\/#website","url":"https:\/\/www.tesmatic.com\/fr\/","name":"Tesmatic","description":"Mobile scales on hand pallet, warehouse and forklift trucks","publisher":{"@id":"https:\/\/www.tesmatic.com\/fr\/#organization"},"potentialAction":[{"@type":"SearchAction","target":{"@type":"EntryPoint","urlTemplate":"https:\/\/www.tesmatic.com\/fr\/?s={search_term_string}"},"query-input":{"@type":"PropertyValueSpecification","valueRequired":true,"valueName":"search_term_string"}}],"inLanguage":"fr-FR"},{"@type":"Organization","@id":"https:\/\/www.tesmatic.com\/fr\/#organization","name":"Tesmatic","url":"https:\/\/www.tesmatic.com\/fr\/","logo":{"@type":"ImageObject","inLanguage":"fr-FR","@id":"https:\/\/www.tesmatic.com\/fr\/#\/schema\/logo\/image\/","url":"https:\/\/www.tesmatic.com\/wp-content\/uploads\/2021\/07\/tesmatic_logo_final.jpg","contentUrl":"https:\/\/www.tesmatic.com\/wp-content\/uploads\/2021\/07\/tesmatic_logo_final.jpg","width":380,"height":164,"caption":"Tesmatic"},"image":{"@id":"https:\/\/www.tesmatic.com\/fr\/#\/schema\/logo\/image\/"},"sameAs":["https:\/\/www.facebook.com\/Tesmatic-885354095134707"]}]}},"_links":{"self":[{"href":"https:\/\/www.tesmatic.com\/fr\/wp-json\/wp\/v2\/product\/12508","targetHints":{"allow":["GET"]}}],"collection":[{"href":"https:\/\/www.tesmatic.com\/fr\/wp-json\/wp\/v2\/product"}],"about":[{"href":"https:\/\/www.tesmatic.com\/fr\/wp-json\/wp\/v2\/types\/product"}],"version-history":[{"count":0,"href":"https:\/\/www.tesmatic.com\/fr\/wp-json\/wp\/v2\/product\/12508\/revisions"}],"wp:featuredmedia":[{"embeddable":true,"href":"https:\/\/www.tesmatic.com\/fr\/wp-json\/wp\/v2\/media\/14376"}],"wp:attachment":[{"href":"https:\/\/www.tesmatic.com\/fr\/wp-json\/wp\/v2\/media?parent=12508"}],"wp:term":[{"taxonomy":"product_brand","embeddable":true,"href":"https:\/\/www.tesmatic.com\/fr\/wp-json\/wp\/v2\/product_brand?post=12508"},{"taxonomy":"product_cat","embeddable":true,"href":"https:\/\/www.tesmatic.com\/fr\/wp-json\/wp\/v2\/product_cat?post=12508"},{"taxonomy":"product_tag","embeddable":true,"href":"https:\/\/www.tesmatic.com\/fr\/wp-json\/wp\/v2\/product_tag?post=12508"}],"curies":[{"name":"wp","href":"https:\/\/api.w.org\/{rel}","templated":true}]}}