{"id":14120,"date":"2023-04-04T03:58:12","date_gmt":"2023-04-04T03:58:12","guid":{"rendered":"https:\/\/www.tesmatic.com\/os-nossos-servicos\/"},"modified":"2023-04-04T04:10:58","modified_gmt":"2023-04-04T04:10:58","slug":"os-nossos-servicos","status":"publish","type":"page","link":"https:\/\/www.tesmatic.com\/pt-br\/os-nossos-servicos\/","title":{"rendered":"Servi\u00e7os"},"content":{"rendered":"\t\t<div data-elementor-type=\"wp-page\" data-elementor-id=\"14120\" class=\"elementor elementor-14120 elementor-1636\">\n\t\t\t\t\t\t<section class=\"elementor-section elementor-top-section elementor-element elementor-element-9f2ba95 elementor-section-full_width elementor-section-height-default elementor-section-height-default mkdf-parallax-row-no mkdf-content-aligment-left mkdf-elementor-row-grid-no mkdf-disabled-bg-image-bellow-no mkdf-row-btt-light\" data-id=\"9f2ba95\" data-element_type=\"section\" data-e-type=\"section\">\n\t\t\t\t\t\t<div class=\"elementor-container elementor-column-gap-default\">\n\t\t\t\t\t<div class=\"elementor-column elementor-col-100 elementor-top-column elementor-element elementor-element-0f04747\" data-id=\"0f04747\" data-element_type=\"column\" data-e-type=\"column\">\n\t\t\t<div class=\"elementor-widget-wrap\">\n\t\t\t\t\t\t\t<\/div>\n\t\t<\/div>\n\t\t\t\t\t<\/div>\n\t\t<\/section>\n\t\t\t\t<section class=\"elementor-section elementor-top-section elementor-element elementor-element-042617d mkdf-elementor-row-grid-section elementor-section-boxed elementor-section-height-default elementor-section-height-default mkdf-parallax-row-no mkdf-content-aligment-left mkdf-disabled-bg-image-bellow-no mkdf-row-btt-light\" data-id=\"042617d\" data-element_type=\"section\" data-e-type=\"section\">\n\t\t\t\t\t\t<div class=\"elementor-container elementor-column-gap-default\">\n\t\t\t\t\t<div class=\"elementor-column elementor-col-50 elementor-top-column elementor-element elementor-element-d50e8c5\" data-id=\"d50e8c5\" data-element_type=\"column\" data-e-type=\"column\">\n\t\t\t<div class=\"elementor-widget-wrap elementor-element-populated\">\n\t\t\t\t\t\t<div class=\"elementor-element elementor-element-739a314 elementor-widget elementor-widget-mkdf_section_title\" data-id=\"739a314\" data-element_type=\"widget\" data-e-type=\"widget\" data-widget_type=\"mkdf_section_title.default\">\n\t\t\t\t<div class=\"elementor-widget-container\">\n\t\t\t\t\t<div class=\"mkdf-section-title-holder  mkdf-st-standard   \" >\n\t<div class=\"mkdf-st-inner\">\n                    <h6 class=\"mkdf-st-intro-title\" >\n                SUPORTE VITAL\u00cdCIO PARA AS SUAS BALAN\u00c7AS E EQUIPAMENTO DE PESAGEM            <\/h6>\n        \t\t\t\t\t<h2 class=\"mkdf-st-title\" >\n\t\t\t\tServi\u00e7o de alta qualidade\t\t\t<\/h2>\n\t\t\t\t\t\t\t<p class=\"mkdf-st-text\" >\n\t\t\t\tServi\u00e7o de alta qualidade\nEstamos empenhados em fornecer um servi\u00e7o de apoio de alta qualidade e vital\u00edcio para todo o nosso equipamento de pesagem. T\u00e9cnicos dedicados est\u00e3o \u00e0 disposi\u00e7\u00e3o para instalar e manter o seu equipamento, incluindo calibra\u00e7\u00e3o, manuten\u00e7\u00e3o e repara\u00e7\u00e3o regulares\t\t\t<\/p>\n\t\t\t<\/div>\n<\/div>\t\t\t\t<\/div>\n\t\t\t\t<\/div>\n\t\t\t\t<div class=\"elementor-element elementor-element-9015d86 elementor-widget elementor-widget-mkdf_button\" data-id=\"9015d86\" data-element_type=\"widget\" data-e-type=\"widget\" data-widget_type=\"mkdf_button.default\">\n\t\t\t\t<div class=\"elementor-widget-container\">\n\t\t\t\t\t<a itemprop=\"url\" href=\"\/about-us\" target=\"_self\"  class=\"mkdf-btn mkdf-btn-medium mkdf-btn-solid\"  >\n    <span class=\"mkdf-btn-text\">Leia mais<\/span>\n    <\/a>\t\t\t\t<\/div>\n\t\t\t\t<\/div>\n\t\t\t\t\t<\/div>\n\t\t<\/div>\n\t\t\t\t<div class=\"elementor-column elementor-col-50 elementor-top-column elementor-element elementor-element-51c5e56\" data-id=\"51c5e56\" data-element_type=\"column\" data-e-type=\"column\">\n\t\t\t<div class=\"elementor-widget-wrap elementor-element-populated\">\n\t\t\t\t\t\t<section class=\"elementor-section elementor-inner-section elementor-element elementor-element-172cd7a elementor-section-full_width elementor-section-height-default elementor-section-height-default mkdf-parallax-row-no mkdf-content-aligment-left mkdf-elementor-row-grid-no mkdf-disabled-bg-image-bellow-no mkdf-row-btt-light\" data-id=\"172cd7a\" data-element_type=\"section\" data-e-type=\"section\">\n\t\t\t\t\t\t<div class=\"elementor-container elementor-column-gap-default\">\n\t\t\t\t\t<div class=\"elementor-column elementor-col-50 elementor-inner-column elementor-element elementor-element-1e6452b\" data-id=\"1e6452b\" data-element_type=\"column\" data-e-type=\"column\">\n\t\t\t<div class=\"elementor-widget-wrap elementor-element-populated\">\n\t\t\t\t\t\t<div class=\"elementor-element elementor-element-b20d6d7 elementor-widget-tablet__width-auto elementor-widget elementor-widget-image\" data-id=\"b20d6d7\" data-element_type=\"widget\" data-e-type=\"widget\" data-widget_type=\"image.default\">\n\t\t\t\t<div class=\"elementor-widget-container\">\n\t\t\t\t\t\t\t\t\t\t\t\t\t\t\t<img fetchpriority=\"high\" decoding=\"async\" width=\"302\" height=\"444\" src=\"https:\/\/www.tesmatic.com\/wp-content\/uploads\/2021\/07\/tesmatic_services_1.jpg\" class=\"attachment-full size-full wp-image-13521\" alt=\"\" srcset=\"https:\/\/www.tesmatic.com\/wp-content\/uploads\/2021\/07\/tesmatic_services_1.jpg 302w, https:\/\/www.tesmatic.com\/wp-content\/uploads\/2021\/07\/tesmatic_services_1-204x300.jpg 204w\" sizes=\"(max-width: 302px) 100vw, 302px\" \/>\t\t\t\t\t\t\t\t\t\t\t\t\t\t\t<\/div>\n\t\t\t\t<\/div>\n\t\t\t\t\t<\/div>\n\t\t<\/div>\n\t\t\t\t<div class=\"elementor-column elementor-col-50 elementor-inner-column elementor-element elementor-element-804d5c5\" data-id=\"804d5c5\" data-element_type=\"column\" data-e-type=\"column\">\n\t\t\t<div class=\"elementor-widget-wrap elementor-element-populated\">\n\t\t\t\t\t\t<div class=\"elementor-element elementor-element-9f17115 elementor-widget-tablet__width-auto elementor-widget elementor-widget-image\" data-id=\"9f17115\" data-element_type=\"widget\" data-e-type=\"widget\" data-widget_type=\"image.default\">\n\t\t\t\t<div class=\"elementor-widget-container\">\n\t\t\t\t\t\t\t\t\t\t\t\t\t\t\t<img decoding=\"async\" width=\"302\" height=\"444\" src=\"https:\/\/www.tesmatic.com\/wp-content\/uploads\/2021\/07\/tesmatic_services_2.jpg\" class=\"attachment-full size-full wp-image-13519\" alt=\"\" srcset=\"https:\/\/www.tesmatic.com\/wp-content\/uploads\/2021\/07\/tesmatic_services_2.jpg 302w, https:\/\/www.tesmatic.com\/wp-content\/uploads\/2021\/07\/tesmatic_services_2-204x300.jpg 204w\" sizes=\"(max-width: 302px) 100vw, 302px\" \/>\t\t\t\t\t\t\t\t\t\t\t\t\t\t\t<\/div>\n\t\t\t\t<\/div>\n\t\t\t\t\t<\/div>\n\t\t<\/div>\n\t\t\t\t\t<\/div>\n\t\t<\/section>\n\t\t\t\t\t<\/div>\n\t\t<\/div>\n\t\t\t\t\t<\/div>\n\t\t<\/section>\n\t\t\t\t<section class=\"elementor-section elementor-top-section elementor-element elementor-element-29f02a5 mkdf-elementor-row-grid-section elementor-section-boxed elementor-section-height-default elementor-section-height-default mkdf-parallax-row-no mkdf-content-aligment-left mkdf-disabled-bg-image-bellow-no mkdf-row-btt-light\" data-id=\"29f02a5\" data-element_type=\"section\" data-e-type=\"section\" data-settings=\"{&quot;background_background&quot;:&quot;gradient&quot;}\">\n\t\t\t\t\t\t<div class=\"elementor-container elementor-column-gap-default\">\n\t\t\t\t\t<div class=\"elementor-column elementor-col-25 elementor-top-column elementor-element elementor-element-5b24732\" data-id=\"5b24732\" data-element_type=\"column\" data-e-type=\"column\">\n\t\t\t<div class=\"elementor-widget-wrap elementor-element-populated\">\n\t\t\t\t\t\t<div class=\"elementor-element elementor-element-5dd6645 elementor-widget elementor-widget-mkdf_icon_with_text\" data-id=\"5dd6645\" data-element_type=\"widget\" data-e-type=\"widget\" data-widget_type=\"mkdf_icon_with_text.default\">\n\t\t\t\t<div class=\"elementor-widget-container\">\n\t\t\t\t\t<div class=\"mkdf-iwt clearfix  mkdf-iwt-icon-top-centered  mkdf-iwt-icon-medium\" >\n\t<div class=\"mkdf-iwt-icon\">\n\t\t\t\t\t<a itemprop=\"url\" href=\"\/solutions\" target=\"_self\">\n\t\t\t\t\t                <svg height=\"48\" width=\"48\" xmlns=\"http:\/\/www.w3.org\/2000\/svg\" viewBox=\"0 0 48 48\"><g class=\"nc-icon-wrapper\" stroke-linecap=\"square\" stroke-width=\"4\" stroke=\"#000\" fill=\"none\" stroke-miterlimit=\"10\"><path d=\"M25 40H2V2h35v14M9 12h17M9 21h11M9 30h11\"><\/path><path data-cap=\"butt\" data-color=\"color-2\" stroke-linecap=\"butt\" d=\"M43 31.708V45l-6-3-6 3V31.708\"><\/path><circle data-color=\"color-2\" cx=\"37\" cy=\"25\" r=\"9\"><\/circle><\/g><\/svg>\t\t\t\t\t\t\t\t<\/a>\n\t\t\t<\/div>\n\t<div class=\"mkdf-iwt-content\" style=\"padding-top: px\">\n                    <p class=\"mkdf-iwt-caption\" >Servi\u00e7os<\/p>\n        \t\t\t\t\t<h4 class=\"mkdf-iwt-title\" >\n\t\t\t\t\t\t\t\t\t<a itemprop=\"url\" href=\"\/solutions\" target=\"_self\">\n\t\t\t\t\t\t\t\t<span class=\"mkdf-iwt-title-text\">Garantia<\/span>\n\t\t\t\t\t\t\t\t\t<\/a>\n\t\t\t\t\t\t\t<\/h4>\n\t\t\t\t\t\t\t<p class=\"mkdf-iwt-text\" >2-anos de garantia para falhas do produto devido a defeitos de material ou de fabrico<\/p>\n\t\t\t<\/div>\n<\/div>\t\t\t\t<\/div>\n\t\t\t\t<\/div>\n\t\t\t\t\t<\/div>\n\t\t<\/div>\n\t\t\t\t<div class=\"elementor-column elementor-col-25 elementor-top-column elementor-element elementor-element-bb8c757\" data-id=\"bb8c757\" data-element_type=\"column\" data-e-type=\"column\">\n\t\t\t<div class=\"elementor-widget-wrap elementor-element-populated\">\n\t\t\t\t\t\t<div class=\"elementor-element elementor-element-dd57807 elementor-widget elementor-widget-mkdf_icon_with_text\" data-id=\"dd57807\" data-element_type=\"widget\" data-e-type=\"widget\" data-widget_type=\"mkdf_icon_with_text.default\">\n\t\t\t\t<div class=\"elementor-widget-container\">\n\t\t\t\t\t<div class=\"mkdf-iwt clearfix  mkdf-iwt-icon-top-centered  mkdf-iwt-icon-medium\" >\n\t<div class=\"mkdf-iwt-icon\">\n\t\t\t\t\t<a itemprop=\"url\" href=\"\/solutions\" target=\"_self\">\n\t\t\t\t\t                <svg height=\"48\" width=\"48\" xmlns=\"http:\/\/www.w3.org\/2000\/svg\" viewBox=\"0 0 48 48\"><g class=\"nc-icon-wrapper\" stroke-linecap=\"square\" stroke-width=\"4\" stroke=\"#000\" fill=\"none\" stroke-miterlimit=\"10\"><path d=\"M8 22V2M8 46v-6\"><\/path><path data-color=\"color-2\" d=\"M24 6V2M24 46V24\"><\/path><path d=\"M40 22V2M40 46v-6\"><\/path><circle cx=\"8\" cy=\"34\" r=\"6\"><\/circle><circle data-color=\"color-2\" cx=\"24\" cy=\"18\" r=\"6\"><\/circle><circle cx=\"40\" cy=\"34\" r=\"6\"><\/circle><\/g><\/svg>\t\t\t\t\t\t\t\t<\/a>\n\t\t\t<\/div>\n\t<div class=\"mkdf-iwt-content\" style=\"padding-top: px\">\n                    <p class=\"mkdf-iwt-caption\" >Servi\u00e7os<\/p>\n        \t\t\t\t\t<h4 class=\"mkdf-iwt-title\" >\n\t\t\t\t\t\t\t\t\t<a itemprop=\"url\" href=\"\/solutions\" target=\"_self\">\n\t\t\t\t\t\t\t\t<span class=\"mkdf-iwt-title-text\">Calibra\u00e7\u00e3o<\/span>\n\t\t\t\t\t\t\t\t\t<\/a>\n\t\t\t\t\t\t\t<\/h4>\n\t\t\t\t\t\t\t<p class=\"mkdf-iwt-text\" >Temos os conhecimentos, capacidades e recursos para efectuar calibra\u00e7\u00f5es e repara\u00e7\u00f5es<\/p>\n\t\t\t<\/div>\n<\/div>\t\t\t\t<\/div>\n\t\t\t\t<\/div>\n\t\t\t\t\t<\/div>\n\t\t<\/div>\n\t\t\t\t<div class=\"elementor-column elementor-col-25 elementor-top-column elementor-element elementor-element-1dfe20f\" data-id=\"1dfe20f\" data-element_type=\"column\" data-e-type=\"column\">\n\t\t\t<div class=\"elementor-widget-wrap elementor-element-populated\">\n\t\t\t\t\t\t<div class=\"elementor-element elementor-element-a74234c elementor-widget elementor-widget-mkdf_icon_with_text\" data-id=\"a74234c\" data-element_type=\"widget\" data-e-type=\"widget\" data-widget_type=\"mkdf_icon_with_text.default\">\n\t\t\t\t<div class=\"elementor-widget-container\">\n\t\t\t\t\t<div class=\"mkdf-iwt clearfix  mkdf-iwt-icon-top-centered  mkdf-iwt-icon-medium\" >\n\t<div class=\"mkdf-iwt-icon\">\n\t\t\t\t\t<a itemprop=\"url\" href=\"\/solutions\" target=\"_self\">\n\t\t\t\t\t                <svg height=\"48\" width=\"48\" xmlns=\"http:\/\/www.w3.org\/2000\/svg\" viewBox=\"0 0 48 48\"><g class=\"nc-icon-wrapper\" stroke-linecap=\"square\" stroke-width=\"4\" stroke=\"#000\" fill=\"none\" stroke-miterlimit=\"10\"><path data-cap=\"butt\" stroke-linecap=\"butt\" d=\"M15 21.154V46M33 21.154V46\"><\/path><path d=\"M37 38l4.222-7.6a2 2 0 0 0-.42-2.466l-7.234-6.43A2 2 0 0 0 32.24 21H15.76a2 2 0 0 0-1.328.5L7.2 27.935a2 2 0 0 0-.42 2.466L11 38\"><\/path><circle cx=\"24\" cy=\"9\" r=\"7\"><\/circle><path data-color=\"color-2\" d=\"M24 27h4\"><\/path><\/g><\/svg>\t\t\t\t\t\t\t\t<\/a>\n\t\t\t<\/div>\n\t<div class=\"mkdf-iwt-content\" style=\"padding-top: px\">\n                    <p class=\"mkdf-iwt-caption\" >Servi\u00e7os<\/p>\n        \t\t\t\t\t<h4 class=\"mkdf-iwt-title\" >\n\t\t\t\t\t\t\t\t\t<a itemprop=\"url\" href=\"\/solutions\" target=\"_self\">\n\t\t\t\t\t\t\t\t<span class=\"mkdf-iwt-title-text\">Suporte<\/span>\n\t\t\t\t\t\t\t\t\t<\/a>\n\t\t\t\t\t\t\t<\/h4>\n\t\t\t\t\t\t\t<p class=\"mkdf-iwt-text\" >Os nossos t\u00e9cnicos de servi\u00e7o e engenheiros de aplica\u00e7\u00e3o est\u00e3o dispon\u00edveis para ajudar em qualquer altura<\/p>\n\t\t\t<\/div>\n<\/div>\t\t\t\t<\/div>\n\t\t\t\t<\/div>\n\t\t\t\t\t<\/div>\n\t\t<\/div>\n\t\t\t\t<div class=\"elementor-column elementor-col-25 elementor-top-column elementor-element elementor-element-c275cef\" data-id=\"c275cef\" data-element_type=\"column\" data-e-type=\"column\">\n\t\t\t<div class=\"elementor-widget-wrap elementor-element-populated\">\n\t\t\t\t\t\t<div class=\"elementor-element elementor-element-b6fa67a elementor-widget elementor-widget-mkdf_icon_with_text\" data-id=\"b6fa67a\" data-element_type=\"widget\" data-e-type=\"widget\" data-widget_type=\"mkdf_icon_with_text.default\">\n\t\t\t\t<div class=\"elementor-widget-container\">\n\t\t\t\t\t<div class=\"mkdf-iwt clearfix  mkdf-iwt-icon-top-centered  mkdf-iwt-icon-medium\" >\n\t<div class=\"mkdf-iwt-icon\">\n\t\t\t\t\t<a itemprop=\"url\" href=\"\/solutions\" target=\"_self\">\n\t\t\t\t\t                <svg height=\"48\" width=\"48\" xmlns=\"http:\/\/www.w3.org\/2000\/svg\" viewBox=\"0 0 48 48\"><g class=\"nc-icon-wrapper\" stroke-linecap=\"square\" stroke-width=\"4\" stroke=\"#000\" fill=\"none\" stroke-miterlimit=\"10\"><path data-color=\"color-2\" d=\"M38 29.77l3.989 3.6a6.1 6.1 0 0 1 .224 8.84 6.1 6.1 0 0 1-8.84-.224L27.964 36\"><\/path><path data-cap=\"butt\" data-color=\"color-2\" stroke-linecap=\"butt\" d=\"M22.225 18.69L15 11.464V9L9 3 3 9l6 6h2.464l7.046 7.046\"><\/path><path d=\"M44.514 10.391l-5.738 5.737-6.9-6.9 5.737-5.738a11.784 11.784 0 0 0-4.095-.456 10.806 10.806 0 0 0-9.878 9.877 11.763 11.763 0 0 0 .457 4.1L4 35.155a3.026 3.026 0 0 0-.111 4.384l4.575 4.575A3.026 3.026 0 0 0 12.845 44L31 23.907a11.763 11.763 0 0 0 4.1.457 10.806 10.806 0 0 0 9.877-9.878 11.784 11.784 0 0 0-.463-4.095z\"><\/path><\/g><\/svg>\t\t\t\t\t\t\t\t<\/a>\n\t\t\t<\/div>\n\t<div class=\"mkdf-iwt-content\" style=\"padding-top: px\">\n                    <p class=\"mkdf-iwt-caption\" >Servi\u00e7os<\/p>\n        \t\t\t\t\t<h4 class=\"mkdf-iwt-title\" >\n\t\t\t\t\t\t\t\t\t<a itemprop=\"url\" href=\"\/solutions\" target=\"_self\">\n\t\t\t\t\t\t\t\t<span class=\"mkdf-iwt-title-text\">Instala\u00e7\u00e3o<\/span>\n\t\t\t\t\t\t\t\t\t<\/a>\n\t\t\t\t\t\t\t<\/h4>\n\t\t\t\t\t\t\t<p class=\"mkdf-iwt-text\" >Equipa dedicada incluindo Gestores de Projecto, Engenheiros e Profissionais de Instala\u00e7\u00e3o formados em f\u00e1brica<\/p>\n\t\t\t<\/div>\n<\/div>\t\t\t\t<\/div>\n\t\t\t\t<\/div>\n\t\t\t\t\t<\/div>\n\t\t<\/div>\n\t\t\t\t\t<\/div>\n\t\t<\/section>\n\t\t\t\t<\/div>\n\t\t","protected":false},"excerpt":{"rendered":"<p>SUPORTE VITAL\u00cdCIO PARA AS SUAS BALAN\u00c7AS E EQUIPAMENTO DE PESAGEM Servi\u00e7o de alta qualidade Servi\u00e7o de alta qualidade Estamos empenhados em fornecer um servi\u00e7o de apoio de alta qualidade e vital\u00edcio para todo o nosso equipamento de pesagem. T\u00e9cnicos dedicados [&hellip;]<\/p>\n","protected":false},"author":1,"featured_media":0,"parent":0,"menu_order":0,"comment_status":"closed","ping_status":"closed","template":"full-width.php","meta":{"inline_featured_image":false,"footnotes":""},"class_list":["post-14120","page","type-page","status-publish","hentry"],"yoast_head":"<!-- This site is optimized with the Yoast SEO plugin v27.5 - https:\/\/yoast.com\/product\/yoast-seo-wordpress\/ -->\n<title>Servi\u00e7os - Tesmatic<\/title>\n<meta name=\"description\" content=\"TESMATIC is committed to providing high quality, lifetime service support for all of our forklift weighing systems and lift truck scales.\" \/>\n<meta name=\"robots\" content=\"index, follow, max-snippet:-1, max-image-preview:large, max-video-preview:-1\" \/>\n<link rel=\"canonical\" href=\"https:\/\/www.tesmatic.com\/pt-br\/os-nossos-servicos\/\" \/>\n<meta property=\"og:locale\" content=\"pt_BR\" \/>\n<meta property=\"og:type\" content=\"article\" \/>\n<meta property=\"og:title\" content=\"Servi\u00e7os - Tesmatic\" \/>\n<meta property=\"og:description\" content=\"TESMATIC is committed to providing high quality, lifetime service support for all of our forklift weighing systems and lift truck scales.\" \/>\n<meta property=\"og:url\" content=\"https:\/\/www.tesmatic.com\/pt-br\/os-nossos-servicos\/\" \/>\n<meta property=\"og:site_name\" content=\"Tesmatic\" \/>\n<meta property=\"article:publisher\" content=\"https:\/\/www.facebook.com\/Tesmatic-885354095134707\" \/>\n<meta property=\"article:modified_time\" content=\"2023-04-04T04:10:58+00:00\" \/>\n<meta property=\"og:image\" content=\"https:\/\/www.tesmatic.com\/wp-content\/uploads\/2021\/07\/tesmatic_services_1.jpg\" \/>\n<meta name=\"twitter:card\" content=\"summary_large_image\" \/>\n<meta name=\"twitter:label1\" content=\"Est. tempo de leitura\" \/>\n\t<meta name=\"twitter:data1\" content=\"2 minutos\" \/>\n<script type=\"application\/ld+json\" class=\"yoast-schema-graph\">{\"@context\":\"https:\\\/\\\/schema.org\",\"@graph\":[{\"@type\":\"WebPage\",\"@id\":\"https:\\\/\\\/www.tesmatic.com\\\/pt-br\\\/os-nossos-servicos\\\/\",\"url\":\"https:\\\/\\\/www.tesmatic.com\\\/pt-br\\\/os-nossos-servicos\\\/\",\"name\":\"Servi\u00e7os - Tesmatic\",\"isPartOf\":{\"@id\":\"https:\\\/\\\/www.tesmatic.com\\\/pt-br\\\/#website\"},\"primaryImageOfPage\":{\"@id\":\"https:\\\/\\\/www.tesmatic.com\\\/pt-br\\\/os-nossos-servicos\\\/#primaryimage\"},\"image\":{\"@id\":\"https:\\\/\\\/www.tesmatic.com\\\/pt-br\\\/os-nossos-servicos\\\/#primaryimage\"},\"thumbnailUrl\":\"https:\\\/\\\/www.tesmatic.com\\\/wp-content\\\/uploads\\\/2021\\\/07\\\/tesmatic_services_1.jpg\",\"datePublished\":\"2023-04-04T03:58:12+00:00\",\"dateModified\":\"2023-04-04T04:10:58+00:00\",\"description\":\"TESMATIC is committed to providing high quality, lifetime service support for all of our forklift weighing systems and lift truck scales.\",\"breadcrumb\":{\"@id\":\"https:\\\/\\\/www.tesmatic.com\\\/pt-br\\\/os-nossos-servicos\\\/#breadcrumb\"},\"inLanguage\":\"pt-BR\",\"potentialAction\":[{\"@type\":\"ReadAction\",\"target\":[\"https:\\\/\\\/www.tesmatic.com\\\/pt-br\\\/os-nossos-servicos\\\/\"]}]},{\"@type\":\"ImageObject\",\"inLanguage\":\"pt-BR\",\"@id\":\"https:\\\/\\\/www.tesmatic.com\\\/pt-br\\\/os-nossos-servicos\\\/#primaryimage\",\"url\":\"https:\\\/\\\/www.tesmatic.com\\\/wp-content\\\/uploads\\\/2021\\\/07\\\/tesmatic_services_1.jpg\",\"contentUrl\":\"https:\\\/\\\/www.tesmatic.com\\\/wp-content\\\/uploads\\\/2021\\\/07\\\/tesmatic_services_1.jpg\"},{\"@type\":\"BreadcrumbList\",\"@id\":\"https:\\\/\\\/www.tesmatic.com\\\/pt-br\\\/os-nossos-servicos\\\/#breadcrumb\",\"itemListElement\":[{\"@type\":\"ListItem\",\"position\":1,\"name\":\"Home\",\"item\":\"https:\\\/\\\/www.tesmatic.com\\\/pt-br\\\/\"},{\"@type\":\"ListItem\",\"position\":2,\"name\":\"Servi\u00e7os\"}]},{\"@type\":\"WebSite\",\"@id\":\"https:\\\/\\\/www.tesmatic.com\\\/pt-br\\\/#website\",\"url\":\"https:\\\/\\\/www.tesmatic.com\\\/pt-br\\\/\",\"name\":\"Tesmatic\",\"description\":\"Mobile scales on hand pallet, warehouse and forklift trucks\",\"publisher\":{\"@id\":\"https:\\\/\\\/www.tesmatic.com\\\/pt-br\\\/#organization\"},\"potentialAction\":[{\"@type\":\"SearchAction\",\"target\":{\"@type\":\"EntryPoint\",\"urlTemplate\":\"https:\\\/\\\/www.tesmatic.com\\\/pt-br\\\/?s={search_term_string}\"},\"query-input\":{\"@type\":\"PropertyValueSpecification\",\"valueRequired\":true,\"valueName\":\"search_term_string\"}}],\"inLanguage\":\"pt-BR\"},{\"@type\":\"Organization\",\"@id\":\"https:\\\/\\\/www.tesmatic.com\\\/pt-br\\\/#organization\",\"name\":\"Tesmatic\",\"url\":\"https:\\\/\\\/www.tesmatic.com\\\/pt-br\\\/\",\"logo\":{\"@type\":\"ImageObject\",\"inLanguage\":\"pt-BR\",\"@id\":\"https:\\\/\\\/www.tesmatic.com\\\/pt-br\\\/#\\\/schema\\\/logo\\\/image\\\/\",\"url\":\"https:\\\/\\\/www.tesmatic.com\\\/wp-content\\\/uploads\\\/2021\\\/07\\\/tesmatic_logo_final.jpg\",\"contentUrl\":\"https:\\\/\\\/www.tesmatic.com\\\/wp-content\\\/uploads\\\/2021\\\/07\\\/tesmatic_logo_final.jpg\",\"width\":380,\"height\":164,\"caption\":\"Tesmatic\"},\"image\":{\"@id\":\"https:\\\/\\\/www.tesmatic.com\\\/pt-br\\\/#\\\/schema\\\/logo\\\/image\\\/\"},\"sameAs\":[\"https:\\\/\\\/www.facebook.com\\\/Tesmatic-885354095134707\"]}]}<\/script>\n<!-- \/ Yoast SEO plugin. -->","yoast_head_json":{"title":"Servi\u00e7os - Tesmatic","description":"TESMATIC is committed to providing high quality, lifetime service support for all of our forklift weighing systems and lift truck scales.","robots":{"index":"index","follow":"follow","max-snippet":"max-snippet:-1","max-image-preview":"max-image-preview:large","max-video-preview":"max-video-preview:-1"},"canonical":"https:\/\/www.tesmatic.com\/pt-br\/os-nossos-servicos\/","og_locale":"pt_BR","og_type":"article","og_title":"Servi\u00e7os - Tesmatic","og_description":"TESMATIC is committed to providing high quality, lifetime service support for all of our forklift weighing systems and lift truck scales.","og_url":"https:\/\/www.tesmatic.com\/pt-br\/os-nossos-servicos\/","og_site_name":"Tesmatic","article_publisher":"https:\/\/www.facebook.com\/Tesmatic-885354095134707","article_modified_time":"2023-04-04T04:10:58+00:00","og_image":[{"url":"https:\/\/www.tesmatic.com\/wp-content\/uploads\/2021\/07\/tesmatic_services_1.jpg","type":"","width":"","height":""}],"twitter_card":"summary_large_image","twitter_misc":{"Est. tempo de leitura":"2 minutos"},"schema":{"@context":"https:\/\/schema.org","@graph":[{"@type":"WebPage","@id":"https:\/\/www.tesmatic.com\/pt-br\/os-nossos-servicos\/","url":"https:\/\/www.tesmatic.com\/pt-br\/os-nossos-servicos\/","name":"Servi\u00e7os - Tesmatic","isPartOf":{"@id":"https:\/\/www.tesmatic.com\/pt-br\/#website"},"primaryImageOfPage":{"@id":"https:\/\/www.tesmatic.com\/pt-br\/os-nossos-servicos\/#primaryimage"},"image":{"@id":"https:\/\/www.tesmatic.com\/pt-br\/os-nossos-servicos\/#primaryimage"},"thumbnailUrl":"https:\/\/www.tesmatic.com\/wp-content\/uploads\/2021\/07\/tesmatic_services_1.jpg","datePublished":"2023-04-04T03:58:12+00:00","dateModified":"2023-04-04T04:10:58+00:00","description":"TESMATIC is committed to providing high quality, lifetime service support for all of our forklift weighing systems and lift truck scales.","breadcrumb":{"@id":"https:\/\/www.tesmatic.com\/pt-br\/os-nossos-servicos\/#breadcrumb"},"inLanguage":"pt-BR","potentialAction":[{"@type":"ReadAction","target":["https:\/\/www.tesmatic.com\/pt-br\/os-nossos-servicos\/"]}]},{"@type":"ImageObject","inLanguage":"pt-BR","@id":"https:\/\/www.tesmatic.com\/pt-br\/os-nossos-servicos\/#primaryimage","url":"https:\/\/www.tesmatic.com\/wp-content\/uploads\/2021\/07\/tesmatic_services_1.jpg","contentUrl":"https:\/\/www.tesmatic.com\/wp-content\/uploads\/2021\/07\/tesmatic_services_1.jpg"},{"@type":"BreadcrumbList","@id":"https:\/\/www.tesmatic.com\/pt-br\/os-nossos-servicos\/#breadcrumb","itemListElement":[{"@type":"ListItem","position":1,"name":"Home","item":"https:\/\/www.tesmatic.com\/pt-br\/"},{"@type":"ListItem","position":2,"name":"Servi\u00e7os"}]},{"@type":"WebSite","@id":"https:\/\/www.tesmatic.com\/pt-br\/#website","url":"https:\/\/www.tesmatic.com\/pt-br\/","name":"Tesmatic","description":"Mobile scales on hand pallet, warehouse and forklift trucks","publisher":{"@id":"https:\/\/www.tesmatic.com\/pt-br\/#organization"},"potentialAction":[{"@type":"SearchAction","target":{"@type":"EntryPoint","urlTemplate":"https:\/\/www.tesmatic.com\/pt-br\/?s={search_term_string}"},"query-input":{"@type":"PropertyValueSpecification","valueRequired":true,"valueName":"search_term_string"}}],"inLanguage":"pt-BR"},{"@type":"Organization","@id":"https:\/\/www.tesmatic.com\/pt-br\/#organization","name":"Tesmatic","url":"https:\/\/www.tesmatic.com\/pt-br\/","logo":{"@type":"ImageObject","inLanguage":"pt-BR","@id":"https:\/\/www.tesmatic.com\/pt-br\/#\/schema\/logo\/image\/","url":"https:\/\/www.tesmatic.com\/wp-content\/uploads\/2021\/07\/tesmatic_logo_final.jpg","contentUrl":"https:\/\/www.tesmatic.com\/wp-content\/uploads\/2021\/07\/tesmatic_logo_final.jpg","width":380,"height":164,"caption":"Tesmatic"},"image":{"@id":"https:\/\/www.tesmatic.com\/pt-br\/#\/schema\/logo\/image\/"},"sameAs":["https:\/\/www.facebook.com\/Tesmatic-885354095134707"]}]}},"_links":{"self":[{"href":"https:\/\/www.tesmatic.com\/pt-br\/wp-json\/wp\/v2\/pages\/14120","targetHints":{"allow":["GET"]}}],"collection":[{"href":"https:\/\/www.tesmatic.com\/pt-br\/wp-json\/wp\/v2\/pages"}],"about":[{"href":"https:\/\/www.tesmatic.com\/pt-br\/wp-json\/wp\/v2\/types\/page"}],"author":[{"embeddable":true,"href":"https:\/\/www.tesmatic.com\/pt-br\/wp-json\/wp\/v2\/users\/1"}],"replies":[{"embeddable":true,"href":"https:\/\/www.tesmatic.com\/pt-br\/wp-json\/wp\/v2\/comments?post=14120"}],"version-history":[{"count":5,"href":"https:\/\/www.tesmatic.com\/pt-br\/wp-json\/wp\/v2\/pages\/14120\/revisions"}],"predecessor-version":[{"id":14133,"href":"https:\/\/www.tesmatic.com\/pt-br\/wp-json\/wp\/v2\/pages\/14120\/revisions\/14133"}],"wp:attachment":[{"href":"https:\/\/www.tesmatic.com\/pt-br\/wp-json\/wp\/v2\/media?parent=14120"}],"curies":[{"name":"wp","href":"https:\/\/api.w.org\/{rel}","templated":true}]}}